{"id":1601,"date":"2023-03-10T18:56:40","date_gmt":"2023-03-10T17:56:40","guid":{"rendered":"https:\/\/csbwv.de\/?page_id=1601"},"modified":"2025-11-13T09:44:02","modified_gmt":"2025-11-13T08:44:02","slug":"kaufleute-fuer-marketingkommunikation","status":"publish","type":"page","link":"https:\/\/csbwv.de\/index.php\/kaufleute-fuer-marketingkommunikation\/","title":{"rendered":"Kaufleute f\u00fcr Marketingkommunikation"},"content":{"rendered":"<p>[et_pb_section fb_built=&#8220;1&#8243; fullwidth=&#8220;on&#8220; _builder_version=&#8220;4.19.4&#8243; _module_preset=&#8220;default&#8220; global_colors_info=&#8220;{}&#8220;][et_pb_fullwidth_slider _builder_version=&#8220;4.20.2&#8243; _module_preset=&#8220;default&#8220; header_level=&#8220;h1&#8243; header_font_size=&#8220;50px&#8220; body_text_align=&#8220;right&#8220; body_font_size=&#8220;18px&#8220; background_enable_image=&#8220;off&#8220; content_width=&#8220;95%&#8220; max_height=&#8220;450px&#8220; max_height_tablet=&#8220;&#8220; max_height_phone=&#8220;400px&#8220; max_height_last_edited=&#8220;on|phone&#8220; custom_padding=&#8220;150px||||false|false&#8220; custom_padding_tablet=&#8220;&#8220; custom_padding_phone=&#8220;20px||||false|false&#8220; custom_padding_last_edited=&#8220;on|desktop&#8220; header_font_size_tablet=&#8220;50px&#8220; header_font_size_phone=&#8220;38px&#8220; header_font_size_last_edited=&#8220;on|phone&#8220; body_font_size_tablet=&#8220;18px&#8220; body_font_size_phone=&#8220;18px&#8220; body_font_size_last_edited=&#8220;on|phone&#8220; background_last_edited=&#8220;on|desktop&#8220; background_position_tablet=&#8220;bottom_left&#8220; background_position_phone=&#8220;bottom_left&#8220; header_text_shadow_style=&#8220;preset5&#8243; body_text_shadow_style=&#8220;preset5&#8243; text_shadow_style=&#8220;preset5&#8243; global_colors_info=&#8220;{}&#8220;][et_pb_slide heading=&#8220;Kaufmann\/-frau f\u00fcr Marketingkommunikation&#8220; use_bg_overlay=&#8220;off&#8220; use_text_overlay=&#8220;on&#8220; text_overlay_color=&#8220;rgba(0,99,181,0.75)&#8220; text_border_radius=&#8220;0px&#8220; heading_tablet=&#8220;Automobilkaufmann\/-frau&#8220; heading_phone=&#8220;Automobilkaufmann\/-frau&#8220; heading_last_edited=&#8220;off|desktop&#8220; content_tablet=&#8220;&#8220; content_phone=&#8220;&#8220; content_last_edited=&#8220;on|phone&#8220; _builder_version=&#8220;4.20.2&#8243; _module_preset=&#8220;default&#8220; header_text_align=&#8220;right&#8220; header_text_color=&#8220;#FFFFFF&#8220; header_font_size=&#8220;50px&#8220; body_text_align=&#8220;right&#8220; body_font_size=&#8220;17px&#8220; background_color=&#8220;#006DB6&#8243; background_enable_color=&#8220;on&#8220; background_image=&#8220;https:\/\/csbwv.de\/wp-content\/uploads\/2023\/03\/MK-Banner-1920-450.jpg&#8220; background_enable_image=&#8220;on&#8220; background_position=&#8220;bottom_center&#8220; header_text_align_tablet=&#8220;right&#8220; header_text_align_phone=&#8220;right&#8220; header_text_align_last_edited=&#8220;on|desktop&#8220; header_font_size_tablet=&#8220;41px&#8220; header_font_size_phone=&#8220;16px&#8220; header_font_size_last_edited=&#8220;on|tablet&#8220; body_text_color_tablet=&#8220;&#8220; body_text_color_phone=&#8220;&#8220; body_text_color_last_edited=&#8220;on|desktop&#8220; background_last_edited=&#8220;off|desktop&#8220; background_enable_image_phone=&#8220;off&#8220; background_position_phone=&#8220;bottom_left&#8220; header_text_shadow_style=&#8220;preset5&#8243; global_colors_info=&#8220;{}&#8220; header_font_size__hover_enabled=&#8220;on|desktop&#8220; header_font_size__hover=&#8220;50px&#8220; sticky_transition=&#8220;on&#8220;][\/et_pb_slide][\/et_pb_fullwidth_slider][\/et_pb_section][et_pb_section fb_built=&#8220;1&#8243; specialty=&#8220;on&#8220; _builder_version=&#8220;4.19.4&#8243; _module_preset=&#8220;default&#8220; custom_margin=&#8220;0px||0px||false|false&#8220; custom_padding=&#8220;0px||0px||false|false&#8220; global_colors_info=&#8220;{}&#8220;][et_pb_column type=&#8220;3_4&#8243; specialty_columns=&#8220;3&#8243; _builder_version=&#8220;4.16&#8243; custom_padding=&#8220;|||&#8220; global_colors_info=&#8220;{}&#8220; custom_padding__hover=&#8220;|||&#8220;][et_pb_row_inner _builder_version=&#8220;4.19.4&#8243; _module_preset=&#8220;default&#8220; custom_margin=&#8220;0px||0px||false|false&#8220; custom_padding=&#8220;||15px|||&#8220; global_colors_info=&#8220;{}&#8220;][et_pb_column_inner saved_specialty_column_type=&#8220;3_4&#8243; _builder_version=&#8220;4.19.4&#8243; _module_preset=&#8220;default&#8220; global_colors_info=&#8220;{}&#8220;][et_pb_text content_tablet=&#8220;<\/p>\n<h1>Automobilkaufmann\/-frau<strong><\/strong><\/h1>\n<p>&#8220; content_phone=&#8220;<\/p>\n<h1>Automobilkaufmann\/-frau<strong><\/strong><\/h1>\n<p>&#8220; content_last_edited=&#8220;off|desktop&#8220; disabled_on=&#8220;on|off|off&#8220; _builder_version=&#8220;4.20.2&#8243; _module_preset=&#8220;default&#8220; header_font_size=&#8220;26px&#8220; animation_style=&#8220;slide&#8220; animation_direction=&#8220;top&#8220; header_font_tablet=&#8220;&#8220; header_font_phone=&#8220;&#8220; header_font_last_edited=&#8220;on|tablet&#8220; header_text_color_tablet=&#8220;&#8220; header_text_color_phone=&#8220;&#8220; header_text_color_last_edited=&#8220;on|phone&#8220; global_colors_info=&#8220;{}&#8220;]<\/p>\n<h1>Kaufmann\/-frau f\u00fcr Marketingkommunikation<\/h1>\n<p>[\/et_pb_text][et_pb_text _builder_version=&#8220;4.20.2&#8243; _module_preset=&#8220;default&#8220; header_5_line_height=&#8220;1.5em&#8220; custom_margin=&#8220;||20px|||&#8220; animation_style=&#8220;fade&#8220; global_colors_info=&#8220;{}&#8220;]<\/p>\n<p>\u201eMarketing\u201c &#8211; ein Wort, das jeder kennt und mit dem jeder etwas verbindet! Viele denken spontan an Werbung, die wenigsten Menschen k\u00f6nnen aber wirklich erkl\u00e4ren, was Marketing ist. Dabei begleitet uns Marketing in der Alltags- und Lebenswelt nahezu \u00fcberall: wenn wir einkaufen, fernsehen, im Internet surfen oder einfach nur durch die Gegend spazieren. \u00dcberall begegnen uns Unternehmen und Institutionen, ihre Marken, Dienstleistungen oder Produkte und wir bilden uns bewusst oder unbewusst ein Urteil \u00fcber sie.<\/p>\n<p>Was macht also jemand, der \u201eMarketing\u201c macht? Zum Job eines Kaufmanns f\u00fcr Marketingkommunikation bzw. einer Kauffrau f\u00fcr Marketingkommunikation geh\u00f6rt es beispielsweise, Strategien zu \u00fcberlegen, wie Menschen vom Wert eines Produkts, einer Dienstleistung oder sogar eines ganzen Unternehmens \u00fcberzeugt werden k\u00f6nnen. Die T\u00e4tigkeiten reichen von Marktanalysen und Zukunftsprognosen \u00fcber kreative Ideenfindung bis hin zu \u00dcberlegungen zur Wirtschaftlichkeit einzelner Ma\u00dfnahmen. Das kann bedeuten, dass man einen Tag allein am Schreibtisch mit Planen, Konzipieren und Rechnen besch\u00e4ftigt und am n\u00e4chsten Tag auf einem Event mit hunderten Leuten unterwegs ist. Manche Kaufleute f\u00fcr Marketingkommunikation k\u00fcmmern sich um die Social-Media Aktivit\u00e4ten eines traditionellen Familienunternehmens, andere organisieren Messeauftritte f\u00fcr Softwareentwickler und wieder andere sind in Marketingagenturen f\u00fcr die Planung und Durchf\u00fchrung von Werbekampagnen f\u00fcr Kunden zust\u00e4ndig. Eines eint jedoch alle: Es geht immer darum, die Zielgruppe eines Unternehmens zu verstehen und sie zu erreichen!<\/p>\n<p>Die Ausbildung zum\/zur Kaufmann\/-frau f\u00fcr Marketingkommunikation ist eine Duale Ausbildung. Das bedeutet, dass in einem Ausbildungsunternehmen vermittelt wird, wie man Kontakte kn\u00fcpft, Kampagnen organisiert, Marktforschung betreibt und vieles mehr. Am Carl-Severing-Berufskolleg f\u00fcr Wirtschaft und Verwaltung werden parallel die theoretischen Hintergr\u00fcnde vermittelt. Ob sp\u00e4ter als Angestellter, Selbstst\u00e4ndiger oder Student; mit einem Abschluss in diesem Ausbildungsberuf ist das n\u00f6tige Handwerkszeug da, um erfolgreich im Marketing durchstarten zu k\u00f6nnen.<\/p>\n<p>Marketing besch\u00e4ftigt sich damit, Produkte oder Dienstleistungen erfolgreich zu vermarkten, was bedeutet, diese f\u00fcr eine definierte Zielgruppe interessant zu machen.<\/p>\n<p>Als Kaufmann\/-frau f\u00fcr Marketingkommunikation hat man die Aufgabe, die gew\u00fcnschte Zielgruppe richtig anzusprechen. Daf\u00fcr werden Strategien f\u00fcr verschiedene Medien entwickelt und kaufm\u00e4nnisch umgesetzt.<\/p>\n<p>[\/et_pb_text][et_pb_text _builder_version=&#8220;4.20.2&#8243; _module_preset=&#8220;default&#8220; custom_margin=&#8220;||||false|false&#8220; animation_style=&#8220;fade&#8220; global_colors_info=&#8220;{}&#8220;]<\/p>\n<h3>Aufnahmevoraussetzungen<\/h3>\n<p>Die Ausbildung erfolgt in einem von der zust\u00e4ndigen Industrie- und Handelskammer genehmigten Betrieb und in der Berufsschule. Die Anmeldung zur Berufsschule erfolgt im Rahmen eines Ausbildungsvertrages durch den Betrieb.<\/p>\n<p>Es wird durch das Berufsbildungsgesetz keine gesetzlich bestimmte Schulbildung als Zugangsvoraussetzung vorgeschrieben. In der Regel verlangen die Betriebe allerdings die Fachhochschulreife bzw. Hochschulreife.<\/p>\n<p>[\/et_pb_text][et_pb_text _builder_version=&#8220;4.20.2&#8243; _module_preset=&#8220;default&#8220; custom_margin=&#8220;||||false|false&#8220; custom_padding=&#8220;0px|||||&#8220; animation_style=&#8220;fade&#8220; global_colors_info=&#8220;{}&#8220;]<\/p>\n<h3>Bildungsgangorganisation<\/h3>\n<h4>Unterrichtsf\u00e4cher<\/h4>\n<p><strong>Berufsbezogener Bereich:<\/strong><\/p>\n<ul>\n<li>Marketing- und Kommunikationsmanagement<\/li>\n<li>Wirtschafts- und Sozialprozesse<\/li>\n<li>Finanz- und Ma\u00dfnahmen-Controlling<\/li>\n<\/ul>\n<p><strong>Berufs\u00fcbergreifender Bereich:<\/strong><\/p>\n<ul>\n<li>Deutsch \/ Kommunikation<\/li>\n<li>Englisch \/ Fremdsprachliche Kommunikation<\/li>\n<li>Politik \/ Gesellschaftslehre<\/li>\n<li>Religionslehre<\/li>\n<li>Sport \/ Gesundheitsf\u00f6rderung<\/li>\n<\/ul>\n<p><strong>Differenzierungsbereich:<\/strong><\/p>\n<ul>\n<li>Wirtschaftsinformtik \/ Mediengestaltung<\/li>\n<li>Agenturarbeit in der Sch\u00fcler*innenwerbeagentur JUNGK\u00d6PFE eSG<\/li>\n<\/ul>\n<p><strong>Ausbildungsdauer: <\/strong><\/p>\n<p>Die Ausbildung dauert in der Regel drei Jahre. Bei entsprechender schulischer Vorbildung oder guten Leistungen in der Berufsschule besteht die M\u00f6glichkeit, in Absprache mit den Betrieben und der IHK, die Ausbildung zu verk\u00fcrzen.<\/p>\n<p><strong>Unterrichtsorganisation:<\/strong><\/p>\n<p>Der Unterricht findet bei uns am Berufskolleg in Teilzeitform an zwei Tagen in der Woche statt.<\/p>\n<p>[\/et_pb_text][\/et_pb_column_inner][\/et_pb_row_inner][\/et_pb_column][et_pb_column type=&#8220;1_4&#8243; _builder_version=&#8220;4.16&#8243; custom_padding=&#8220;|||&#8220; global_colors_info=&#8220;{}&#8220; custom_padding__hover=&#8220;|||&#8220;][et_pb_text _builder_version=&#8220;4.20.0&#8243; _module_preset=&#8220;default&#8220; custom_margin=&#8220;||3px|||&#8220; custom_padding=&#8220;||0px|||&#8220; animation_style=&#8220;fade&#8220; animation_delay=&#8220;500ms&#8220; global_colors_info=&#8220;{}&#8220;]<\/p>\n<h4>Ihre Ansprechpartner:<\/h4>\n<p>[\/et_pb_text][et_pb_team_member name=&#8220;Jan-Hendrik Mau&#8220; position=&#8220;Studienrat&#8220; image_url=&#8220;https:\/\/csbwv.de\/wp-content\/uploads\/2023\/03\/Personal-Herr-Mau-320-400.jpg&#8220; _builder_version=&#8220;4.20.2&#8243; _module_preset=&#8220;default&#8220; body_line_height=&#8220;1.6em&#8220; position_text_color=&#8220;#000000&#8243; position_font_size=&#8220;16px&#8220; custom_margin=&#8220;||||false|false&#8220; custom_margin_tablet=&#8220;||50px||false|false&#8220; custom_margin_phone=&#8220;||50px||false|false&#8220; custom_margin_last_edited=&#8220;on|tablet&#8220; custom_padding=&#8220;0px|5px|0px|0px|true|false&#8220; animation_style=&#8220;slide&#8220; animation_direction=&#8220;right&#8220; border_color_all=&#8220;#2a2a2a&#8220; global_colors_info=&#8220;{}&#8220;]<\/p>\n<table style=\"width: 70%; border: 0px none; border-collapse: collapse; margin: 0px; padding: 0px; border-spacing: 0px; text-indent: -0.5em;\">\n<tbody>\n<tr>\n<td style=\"width: 15%; border: 0; cellspacing: 0;\">Telefon:<\/td>\n<td style=\"width: 85%; border: 0;\">0521 51-2427<\/td>\n<\/tr>\n<tr>\n<td style=\"width: 15%; border: 0;\">E-Mail:<\/td>\n<td style=\"width: 85%; border: 0;\" nowrap>Jan-Hendrik.Mau@csbwv.de<\/td>\n<\/tr>\n<tr>\n<td style=\"width: 15%; border: 0;\"><\/td>\n<td style=\"width: 85%; border: 0;\"><\/td>\n<\/tr>\n<\/tbody>\n<\/table>\n<h5><\/h5>\n<p>[\/et_pb_team_member][et_pb_team_member name=&#8220;Bernd V\u00f6ssing&#8220; position=&#8220;Studiendirektor&#8220; image_url=&#8220;https:\/\/csbwv.de\/wp-content\/uploads\/2025\/01\/vo6es3s98binWg-320-400.jpg&#8220; _builder_version=&#8220;4.27.4&#8243; _module_preset=&#8220;default&#8220; body_line_height=&#8220;1.6em&#8220; position_text_color=&#8220;#000000&#8243; position_font_size=&#8220;16px&#8220; custom_margin=&#8220;||||false|false&#8220; custom_margin_tablet=&#8220;||50px||false|false&#8220; custom_margin_phone=&#8220;||50px||false|false&#8220; custom_margin_last_edited=&#8220;on|tablet&#8220; custom_padding=&#8220;0px|5px|0px|0px|true|false&#8220; animation_style=&#8220;slide&#8220; animation_direction=&#8220;right&#8220; border_color_all=&#8220;#2a2a2a&#8220; global_colors_info=&#8220;{}&#8220;]<\/p>\n<table style=\"width: 70%; border: 0px none; border-collapse: collapse; margin: 0px; padding: 0px; border-spacing: 0px; text-indent: -0.5em;\">\n<tbody>\n<tr>\n<td style=\"width: 15%; border: 0; cellspacing: 0;\">Telefon:<\/td>\n<td style=\"width: 85%; border: 0;\">0521 51-2427<\/td>\n<\/tr>\n<tr>\n<td style=\"width: 15%; border: 0;\">E-Mail:<\/td>\n<td style=\"width: 85%; border: 0;\">Bernd.Voessing@csbwv.de<\/td>\n<\/tr>\n<tr>\n<td style=\"width: 15%; border: 0;\"><\/td>\n<td style=\"width: 85%; border: 0;\"><\/td>\n<\/tr>\n<\/tbody>\n<\/table>\n<h5>Bereichsleitung<\/h5>\n<p>[\/et_pb_team_member][\/et_pb_column][\/et_pb_section][et_pb_section fb_built=&#8220;1&#8243; _builder_version=&#8220;4.19.4&#8243; _module_preset=&#8220;default&#8220; custom_margin=&#8220;0px||0px||false|false&#8220; custom_padding=&#8220;0px||0px||false|false&#8220; global_colors_info=&#8220;{}&#8220;][et_pb_row _builder_version=&#8220;4.19.4&#8243; _module_preset=&#8220;default&#8220; custom_margin=&#8220;0px||0px||false|false&#8220; custom_padding=&#8220;0px||0px||false|false&#8220; global_colors_info=&#8220;{}&#8220;][et_pb_column type=&#8220;4_4&#8243; _builder_version=&#8220;4.19.4&#8243; _module_preset=&#8220;default&#8220; global_colors_info=&#8220;{}&#8220;][et_pb_text _builder_version=&#8220;4.20.2&#8243; _module_preset=&#8220;default&#8220; custom_margin=&#8220;||||false|false&#8220; animation_style=&#8220;fade&#8220; global_colors_info=&#8220;{}&#8220;]<\/p>\n<h3>Erwerbbare Abschl\u00fcsse<\/h3>\n<p>Nach erfolgreichem Abschluss des Berufskollegs erhalten Sie den Berufsschulabschluss f\u00fcr den Ausbildungsberuf des bzw. der Kaufmann\/-frau f\u00fcr Marketingkommunikation.<\/p>\n<p>Nach erfolgreichem Abschluss der Pr\u00fcfung vor der Industrie- und Handelskammer sind Sie Kaufmann\/-frau f\u00fcr Marketingkommunikation.<\/p>\n<p>Wenn Sie bereits \u00fcber den schulischen Teil der Fachhochschulreife verf\u00fcgen, erwerben Sie mit ihrer Ausbildung die volle Fachhochschulreife.<\/p>\n<p>Die Fachoberschulreife kann erworben werden, wenn die notwendigen Englisch-Kenntnisse nachgewiesen werden und der Berufsschulabschluss mit einer Durchschnittsnote von mindestens 3,0 erworben wird.<\/p>\n<p>[\/et_pb_text][et_pb_text content_tablet=&#8220;<\/p>\n<h3>Weiterbildungsm\u00f6glichkeiten<\/h3>\n<ul>\n<li>Studium an einer Universit\u00e4t oder Fachhochschule<\/li>\n<li>Duales Studium: Kombination von Berufsausbildung und Studium<\/li>\n<li>Aufnahme einer Berufsausbildung<\/li>\n<\/ul>\n<p>&#8220; content_phone=&#8220;<\/p>\n<h4>Weiterbildungsm\u00f6glichkeiten<\/h4>\n<ul>\n<li>Studium an einer Universit\u00e4t oder Fachhochschule<\/li>\n<li>Duales Studium: Kombination von Berufsausbildung und Studium<\/li>\n<li>Aufnahme einer Berufsausbildung<\/li>\n<\/ul>\n<p>&#8220; content_last_edited=&#8220;off|desktop&#8220; _builder_version=&#8220;4.20.2&#8243; _module_preset=&#8220;default&#8220; custom_margin=&#8220;||||false|false&#8220; animation_style=&#8220;fade&#8220; global_colors_info=&#8220;{}&#8220;]<\/p>\n<h3>Weiterbildung<\/h3>\n<ul>\n<li>Fachhochschul- oder Hochschulstudium (Voraussetzung: Fachabitur oder Abitur)<\/li>\n<li>Gepr\u00fcfte(r) Fachwirt\/-in f\u00fcr Marketing<\/li>\n<li>Betriebswirt\/-in<\/li>\n<\/ul>\n<p>[\/et_pb_text][\/et_pb_column][\/et_pb_row][et_pb_row column_structure=&#8220;3_5,2_5&#8243; _builder_version=&#8220;4.19.4&#8243; _module_preset=&#8220;default&#8220; custom_padding=&#8220;||6px|||&#8220; global_colors_info=&#8220;{}&#8220;][et_pb_column type=&#8220;3_5&#8243; _builder_version=&#8220;4.19.4&#8243; _module_preset=&#8220;default&#8220; global_colors_info=&#8220;{}&#8220;][et_pb_text content_tablet=&#8220;<\/p>\n<h3>Schwerpunkt: nachhaltig wirtschaften<\/h3>\n<p>Du erwirbst in den berufsbezogenen F\u00e4chern die optimale Grundlage f\u00fcr eine Ausbildung im kaufm\u00e4nnischen Bereich oder f\u00fcr ein weiterf\u00fchrendes Studium an einer Fachhochschule.<\/p>\n<p><strong>Zukunft nachhaltig gestalten<\/strong><\/p>\n<p>Du erwirbst vertiefte Kenntnisse und F\u00e4higkeiten, um Wirtschaft und Gesellschaft nachhaltig und gemeinwohlorientiert zu gestalten.<\/p>\n<p><strong>Besondere Inhalte:<\/strong><br \/>\u2022 Inhaltliche Ausrichtung s\u00e4mtlicher Unterrichtsf\u00e4cher auf das Thema Nachhaltigkeit<br \/>\u2022 Zus\u00e4tzlicher Projektunterricht (2 Stunden)<br \/>\u2022 Bewirtschaftung einer nachhaltigen Sch\u00fclergenossenschaft<br \/>\u2022 Einbindung au\u00dferschulischer Lernorteund Kooperationspartner<\/p>\n<p>&#8220; content_phone=&#8220;<\/p>\n<h3>Schwerpunkt: <br \/>nachhaltig wirtschaften<\/h3>\n<p>Du erwirbst in den berufsbezogenen F\u00e4chern die optimale Grundlage f\u00fcr eine Ausbildung im kaufm\u00e4nnischen Bereich oder f\u00fcr ein weiterf\u00fchrendes Studium an einer Fachhochschule.<\/p>\n<p><strong>Zukunft nachhaltig gestalten<\/strong><\/p>\n<p>Du erwirbst vertiefte Kenntnisse und F\u00e4higkeiten, um Wirtschaft und Gesellschaft nachhaltig und gemeinwohlorientiert zu gestalten.<\/p>\n<p><strong>Besondere Inhalte:<\/strong><br \/>\u2022 Inhaltliche Ausrichtung s\u00e4mtlicher Unterrichtsf\u00e4cher auf das Thema Nachhaltigkeit<br \/>\u2022 Zus\u00e4tzlicher Projektunterricht (2 Stunden)<br \/>\u2022 Bewirtschaftung einer nachhaltigen Sch\u00fclergenossenschaft<br \/>\u2022 Einbindung au\u00dferschulischer Lernorteund Kooperationspartner<\/p>\n<p>&#8220; content_last_edited=&#8220;off|desktop&#8220; _builder_version=&#8220;4.27.4&#8243; _module_preset=&#8220;default&#8220; animation_style=&#8220;fade&#8220; hover_enabled=&#8220;0&#8243; global_colors_info=&#8220;{}&#8220; sticky_enabled=&#8220;0&#8243;]<\/p>\n<h3>Projekte<\/h3>\n<p><strong>Das KMK-Fremdsprachenzertifikat<\/strong><\/p>\n<p>F\u00fcr die Auszubildenden am Carl-Severing-Berufskolleg f\u00fcr Wirtschaft und Verwaltung besteht die M\u00f6glichkeit ein Fremsprachenzertifikat in Englisch zu erwerben. Das KMK-Fremdsprachenzertifikat ist ein bundesweit einheitlich geregeltes Zertifikat zum Nachweis berufsbezogener Fremdsprachenkompetenzen. Sch\u00fclerinnen und Sch\u00fcler berufsbildender Schulen k\u00f6nnen es nach erfolgreichem Ablegen einer speziellen Fremdsprachenpr\u00fcfung erwerben und somit eine f\u00fcr den beruflichen Werdegang bedeutsame Zusatzqualifikation vorweisen.<\/p>\n<p><strong>Projektfahrten<\/strong><\/p>\n<p>Im Laufe der Berufsschulzeit finden diverse au\u00dferschulische Aktivit\u00e4ten statt. Diese reichen von Besuchen bei gro\u00dfen Markenherstellern und Druckereien in der Region bis zu einer mehrt\u00e4gigen Klassenfahrt nach Hamburg, bei der ein Blick hinter die Kulissen namhafte Kreativagenturen geworfen wird.<\/p>\n<p><strong>Schuleigene Werbeagentur<br \/><\/strong><\/p>\n<p>Im zweiten Ausbildungsjahr arbeiten die Auszubildenden in der schuleigenen Werbeagentur JUNGK\u00d6PFE eSG. Hier planen und realisieren die Sch\u00fcler:innen als Mitglieder der Sch\u00fclergenossenschaft eigenverantwortlich Kundenprojekte. Diese reichen von Film-, Foto-, Print- oder Podcastproduktionen, \u00fcber die Erarbeitung von Werbekampagnen f\u00fcr Unternehmen und Beh\u00f6rden, die Durchf\u00fchrung von Events bis hin zur Betreuung der eigenen der eigenen Website (<a href=\"https:\/\/www.jungkoepfe.de\" target=\"_blank\" rel=\"noopener\">www.jungkoepfe.de<\/a> ) und ihrer Social-Media-Konten (<a href=\"https:\/\/www.linkedin.com\/company\/jungk%C3%B6pfe\/\" target=\"_blank\" rel=\"noopener\">LinkedIn<\/a>, <a href=\"https:\/\/www.instagram.com\/jungkoepfe\/\" target=\"_blank\" rel=\"noopener\">Instagram<\/a>, <a href=\"https:\/\/www.tiktok.com\/@jungkoepfe.esg\" target=\"_blank\" rel=\"noopener\">TikTok<\/a>, <a href=\"https:\/\/www.facebook.com\/p\/Jungk%C3%B6pfe\" target=\"_blank\" rel=\"noopener\">Facebook<\/a>).<\/p>\n<p>Die JUNGK\u00d6PFE nutzen bei Ihren Projekten die Methoden des agilen Arbeitens und k\u00f6nnen die erlernten Fach- und Methodenkompetenzen aus dem Fachkundeunterricht praktisch anwenden. Der Kreativit\u00e4t sind dabei kaum Grenzen gesetzt. Die Agenturarbeit bietet eine optimale Gelegenheit, \u00fcber den Tellerrand der T\u00e4tigkeiten im Ausbildungsbetrieb zu schauen und mit Mitsch\u00fcler*innen eigene Marketingprojekte von der Idee bis zur Kampagne selbstst\u00e4ndig umzusetzen.<\/p>\n<p><strong>Auslandspraktika<\/strong><\/p>\n<p>Das CSBWV ist am Projekt Fit f\u00fcr Europa der Bezirksregierung in Detmold beteiligt. Im Rahmen von \u201eFit f\u00fcr Europa\u201c haben Sie die M\u00f6glichkeit ein Auslandspraktikum von 3-4 Wochen in einem Unternehmen im europ\u00e4ischen Ausland durchzuf\u00fchren. Weitere Informationen hierzu erhalten Sie bei uns am Berufskolleg oder <a href=\"https:\/\/csbwv.de\/index.php\/auslandspraktikum\/\">hier auf unserer Website<\/a>.<\/p>\n<p>[\/et_pb_text][et_pb_button button_url=&#8220;https:\/\/csbwv.de\/index.php\/anmeldung-berufsschule\/&#8220; button_text=&#8220;Zur Anmeldung&#8220; _builder_version=&#8220;4.20.0&#8243; _module_preset=&#8220;default&#8220; global_colors_info=&#8220;{}&#8220;][\/et_pb_button][\/et_pb_column][et_pb_column type=&#8220;2_5&#8243; _builder_version=&#8220;4.19.4&#8243; _module_preset=&#8220;default&#8220; global_colors_info=&#8220;{}&#8220;][et_pb_image src=&#8220;https:\/\/csbwv.de\/wp-content\/uploads\/2023\/03\/MK-Projekte1-1600-1050-1024&#215;672.jpg&#8220; alt=&#8220;Digitaler Unterricht am CSBWV&#8220; title_text=&#8220;MK-Projekte1-1600-1050&#8243; show_in_lightbox=&#8220;on&#8220; _builder_version=&#8220;4.20.2&#8243; _module_preset=&#8220;default&#8220; custom_margin=&#8220;||20px||false|false&#8220; animation_style=&#8220;slide&#8220; animation_direction=&#8220;right&#8220; global_colors_info=&#8220;{}&#8220;][\/et_pb_image][et_pb_image src=&#8220;https:\/\/csbwv.de\/wp-content\/uploads\/2023\/03\/MK-Projekte3-1600-1050.jpg&#8220; alt=&#8220;Medienlabor am CSBWV&#8220; title_text=&#8220;MK-Projekte3-1600-1050&#8243; show_in_lightbox=&#8220;on&#8220; _builder_version=&#8220;4.20.2&#8243; _module_preset=&#8220;default&#8220; animation_style=&#8220;slide&#8220; animation_direction=&#8220;right&#8220; global_colors_info=&#8220;{}&#8220;][\/et_pb_image][et_pb_image src=&#8220;https:\/\/csbwv.de\/wp-content\/uploads\/2023\/03\/MK-Projekte2-1600-1050.jpg&#8220; alt=&#8220;Arbeiten in der Sch\u00fclerwerbeagentur JUNGK\u00d6PFE eSG&#8220; title_text=&#8220;MK-Projekte2-1600-1050&#8243; show_in_lightbox=&#8220;on&#8220; _builder_version=&#8220;4.20.2&#8243; _module_preset=&#8220;default&#8220; animation_style=&#8220;slide&#8220; animation_direction=&#8220;right&#8220; global_colors_info=&#8220;{}&#8220;][\/et_pb_image][\/et_pb_column][\/et_pb_row][\/et_pb_section]<\/p>\n","protected":false},"excerpt":{"rendered":"<p>Kaufmann\/-frau f\u00fcr Marketingkommunikation\u201eMarketing\u201c &#8211; ein Wort, das jeder kennt und mit dem jeder etwas verbindet! Viele denken spontan an Werbung, die wenigsten Menschen k\u00f6nnen aber wirklich erkl\u00e4ren, was Marketing ist. [&hellip;]<\/p>\n","protected":false},"author":1,"featured_media":0,"parent":0,"menu_order":0,"comment_status":"closed","ping_status":"closed","template":"","meta":{"_et_pb_use_builder":"on","_et_pb_old_content":"","_et_gb_content_width":"","footnotes":""},"class_list":["post-1601","page","type-page","status-publish","hentry"],"_links":{"self":[{"href":"https:\/\/csbwv.de\/index.php\/wp-json\/wp\/v2\/pages\/1601","targetHints":{"allow":["GET"]}}],"collection":[{"href":"https:\/\/csbwv.de\/index.php\/wp-json\/wp\/v2\/pages"}],"about":[{"href":"https:\/\/csbwv.de\/index.php\/wp-json\/wp\/v2\/types\/page"}],"author":[{"embeddable":true,"href":"https:\/\/csbwv.de\/index.php\/wp-json\/wp\/v2\/users\/1"}],"replies":[{"embeddable":true,"href":"https:\/\/csbwv.de\/index.php\/wp-json\/wp\/v2\/comments?post=1601"}],"version-history":[{"count":16,"href":"https:\/\/csbwv.de\/index.php\/wp-json\/wp\/v2\/pages\/1601\/revisions"}],"predecessor-version":[{"id":4942,"href":"https:\/\/csbwv.de\/index.php\/wp-json\/wp\/v2\/pages\/1601\/revisions\/4942"}],"wp:attachment":[{"href":"https:\/\/csbwv.de\/index.php\/wp-json\/wp\/v2\/media?parent=1601"}],"curies":[{"name":"wp","href":"https:\/\/api.w.org\/{rel}","templated":true}]}}