{"id":2386,"date":"2023-10-18T11:30:11","date_gmt":"2023-10-18T09:30:11","guid":{"rendered":"https:\/\/csbwv.de\/?page_id=2386"},"modified":"2023-10-18T11:30:11","modified_gmt":"2023-10-18T09:30:11","slug":"microsoft-dynamics-nav","status":"publish","type":"page","link":"https:\/\/csbwv.de\/index.php\/microsoft-dynamics-nav\/","title":{"rendered":"Microsoft Dynamics NAV"},"content":{"rendered":"<p>[et_pb_section fb_built=&#8220;1&#8243; fullwidth=&#8220;on&#8220; _builder_version=&#8220;4.19.4&#8243; _module_preset=&#8220;default&#8220; global_colors_info=&#8220;{}&#8220;][et_pb_fullwidth_slider _builder_version=&#8220;4.22.2&#8243; _module_preset=&#8220;default&#8220; header_level=&#8220;h1&#8243; header_font_size=&#8220;50px&#8220; body_text_align=&#8220;center&#8220; body_font_size=&#8220;18px&#8220; background_enable_image=&#8220;off&#8220; max_height=&#8220;450px&#8220; max_height_tablet=&#8220;450px&#8220; max_height_phone=&#8220;400px&#8220; max_height_last_edited=&#8220;on|phone&#8220; custom_padding=&#8220;150px||||false|false&#8220; custom_padding_tablet=&#8220;150px||||false|false&#8220; custom_padding_phone=&#8220;20px||||false|false&#8220; custom_padding_last_edited=&#8220;on|desktop&#8220; hover_enabled=&#8220;0&#8243; header_font_size_tablet=&#8220;50px&#8220; header_font_size_phone=&#8220;34px&#8220; header_font_size_last_edited=&#8220;on|phone&#8220; background_last_edited=&#8220;on|desktop&#8220; background_position_tablet=&#8220;bottom_left&#8220; background_position_phone=&#8220;bottom_left&#8220; header_text_shadow_style=&#8220;preset5&#8243; body_text_shadow_style=&#8220;preset5&#8243; text_shadow_style=&#8220;preset5&#8243; global_colors_info=&#8220;{}&#8220; sticky_enabled=&#8220;0&#8243;][et_pb_slide heading=&#8220;Microsoft Dynamics NAV&#8220; content_last_edited=&#8220;off|desktop&#8220; _builder_version=&#8220;4.22.2&#8243; _module_preset=&#8220;default&#8220; header_text_align=&#8220;right&#8220; header_font_size=&#8220;50px&#8220; body_font_size=&#8220;22px&#8220; background_color=&#8220;RGBA(255,255,255,0)&#8220; background_enable_color=&#8220;on&#8220; background_image=&#8220;https:\/\/csbwv.de\/wp-content\/uploads\/2023\/10\/Microsoft-Dynamics1.jpg&#8220; background_enable_image=&#8220;on&#8220; background_position=&#8220;bottom_left&#8220; hover_enabled=&#8220;0&#8243; header_text_align_tablet=&#8220;right&#8220; header_text_align_phone=&#8220;right&#8220; header_text_align_last_edited=&#8220;on|phone&#8220; header_font_size_tablet=&#8220;50px&#8220; header_font_size_phone=&#8220;34px&#8220; header_font_size_last_edited=&#8220;on|desktop&#8220; box_shadow_style_image=&#8220;preset1&#8243; global_colors_info=&#8220;{}&#8220; header_font_size__hover_enabled=&#8220;on|desktop&#8220; header_font_size__hover=&#8220;50px&#8220; sticky_transition=&#8220;on&#8220; title_text=&#8220;Microsoft_logo-Banner&#8220; image=&#8220;https:\/\/csbwv.de\/wp-content\/uploads\/2023\/10\/Microsoft_logo-Banner.png&#8220; sticky_enabled=&#8220;0&#8243;][\/et_pb_slide][\/et_pb_fullwidth_slider][\/et_pb_section][et_pb_section fb_built=&#8220;1&#8243; _builder_version=&#8220;4.19.4&#8243; _module_preset=&#8220;default&#8220; custom_padding=&#8220;0px|||||&#8220; global_colors_info=&#8220;{}&#8220;][et_pb_row _builder_version=&#8220;4.19.4&#8243; _module_preset=&#8220;default&#8220; global_colors_info=&#8220;{}&#8220;][et_pb_column type=&#8220;4_4&#8243; _builder_version=&#8220;4.19.4&#8243; _module_preset=&#8220;default&#8220; global_colors_info=&#8220;{}&#8220;][et_pb_text _builder_version=&#8220;4.22.2&#8243; _module_preset=&#8220;default&#8220; custom_margin=&#8220;3px|||||&#8220; animation_style=&#8220;fade&#8220; global_colors_info=&#8220;{}&#8220;]<\/p>\n<h1>Microsoft Dynamcis NAV<\/h1>\n<p><strong>Projekt Navision in einer Cloud-Server-Infrastruktur<br \/><\/strong><\/p>\n<p>In Wirtschaft und Verwaltung hat bereits seit l\u00e4ngerem ein Paradigmenwechsel von einer funktionsorientierten hin zu einer gesch\u00e4ftsprozessorientierten Organisation stattgefunden. In gro\u00dfen, mittleren und kleinen Unternehmen werden Enterprise Ressource Planning Systems (ERP-Systeme; auf Deutsch: integrierte Unternehmenssoftware) eingesetzt, die es erm\u00f6glichen, alle betrieblichen Bereiche (Finanz- und Rechnungswesen, Personalwirtschaft, Materialwirtschaft, Produktion, Vertrieb usw.) prozessorientiert abzubilden und zu steuern.<\/p>\n<p>Die F\u00e4higkeit ERP-Systeme effizient nutzen zu k\u00f6nnen ist ein wesentliches Qualifizierungsmerkmal in kaufm\u00e4nnischen und informationstechnischen Berufen geworden.<\/p>\n<p>Durch die Bearbeitung von praxisnahen Unternehmensprozessen anhand der ERP-Software erhalten die Sch\u00fclerinnen und Sch\u00fcler ein vertieftes Arbeitsprozesswissen und werden so f\u00fcr eine ganzheitliche Unternehmensbetrachtung ausgebildet.<\/p>\n<p>[\/et_pb_text][et_pb_text _builder_version=&#8220;4.22.2&#8243; _module_preset=&#8220;default&#8220; animation_style=&#8220;fade&#8220; global_colors_info=&#8220;{}&#8220;]<\/p>\n<h4>Die Ausbildung innerhalb des Projekts umfasst folgende Bereiche:<\/h4>\n<p><strong>Modul A1:<\/strong> Grundlagen in der Anwendung einer ERP-Software und Finanzwirtschaft<\/p>\n<p><strong>Modul A2:<\/strong> Verkaufsprozesse \u2013 Absatz und Vertrieb, Kundenauftragsbearbeitung<\/p>\n<p><strong>Modul A3:<\/strong> Einkaufsprozesse \u2013 Beschaffung, Lagerhaltung, Warenwirtschaft<\/p>\n<p><strong>F\u00fcr die Zertifizierung ist die vollst\u00e4ndige Bearbeitung und L\u00f6sung aller drei Module n\u00f6tig!<\/strong><\/p>\n<p>[\/et_pb_text][et_pb_image src=&#8220;https:\/\/csbwv.de\/wp-content\/uploads\/2023\/10\/Microsoft_logo.png&#8220; alt=&#8220;Auslandspraktikum mit Erasmus+ am CSBWV&#8220; title_text=&#8220;Microsoft_logo&#8220; url=&#8220;https:\/\/dynamics.microsoft.com\/de-de\/&#8220; url_new_window=&#8220;on&#8220; _builder_version=&#8220;4.22.2&#8243; _module_preset=&#8220;default&#8220; animation_style=&#8220;slide&#8220; animation_direction=&#8220;left&#8220; global_colors_info=&#8220;{}&#8220;][\/et_pb_image][\/et_pb_column][\/et_pb_row][\/et_pb_section]<\/p>\n","protected":false},"excerpt":{"rendered":"<p>Microsoft Dynamcis NAV Projekt Navision in einer Cloud-Server-Infrastruktur In Wirtschaft und Verwaltung hat bereits seit l\u00e4ngerem ein Paradigmenwechsel von einer funktionsorientierten hin zu einer gesch\u00e4ftsprozessorientierten Organisation stattgefunden. In gro\u00dfen, mittleren [&hellip;]<\/p>\n","protected":false},"author":1,"featured_media":0,"parent":0,"menu_order":0,"comment_status":"closed","ping_status":"closed","template":"","meta":{"_et_pb_use_builder":"on","_et_pb_old_content":"","_et_gb_content_width":"","footnotes":""},"class_list":["post-2386","page","type-page","status-publish","hentry"],"_links":{"self":[{"href":"https:\/\/csbwv.de\/index.php\/wp-json\/wp\/v2\/pages\/2386","targetHints":{"allow":["GET"]}}],"collection":[{"href":"https:\/\/csbwv.de\/index.php\/wp-json\/wp\/v2\/pages"}],"about":[{"href":"https:\/\/csbwv.de\/index.php\/wp-json\/wp\/v2\/types\/page"}],"author":[{"embeddable":true,"href":"https:\/\/csbwv.de\/index.php\/wp-json\/wp\/v2\/users\/1"}],"replies":[{"embeddable":true,"href":"https:\/\/csbwv.de\/index.php\/wp-json\/wp\/v2\/comments?post=2386"}],"version-history":[{"count":9,"href":"https:\/\/csbwv.de\/index.php\/wp-json\/wp\/v2\/pages\/2386\/revisions"}],"predecessor-version":[{"id":2420,"href":"https:\/\/csbwv.de\/index.php\/wp-json\/wp\/v2\/pages\/2386\/revisions\/2420"}],"wp:attachment":[{"href":"https:\/\/csbwv.de\/index.php\/wp-json\/wp\/v2\/media?parent=2386"}],"curies":[{"name":"wp","href":"https:\/\/api.w.org\/{rel}","templated":true}]}}