{"id":3020,"date":"2024-11-06T19:31:51","date_gmt":"2024-11-06T18:31:51","guid":{"rendered":"https:\/\/csbwv.de\/?page_id=3020"},"modified":"2026-02-10T10:37:03","modified_gmt":"2026-02-10T09:37:03","slug":"doppelqualifikation","status":"publish","type":"page","link":"https:\/\/csbwv.de\/index.php\/doppelqualifikation\/","title":{"rendered":"Doppelqualifikation"},"content":{"rendered":"<p>[et_pb_section fb_built=&#8220;1&#8243; fullwidth=&#8220;on&#8220; _builder_version=&#8220;4.19.4&#8243; _module_preset=&#8220;default&#8220; global_colors_info=&#8220;{}&#8220;][et_pb_fullwidth_slider _builder_version=&#8220;4.27.2&#8243; _module_preset=&#8220;default&#8220; header_level=&#8220;h1&#8243; header_font_size=&#8220;50px&#8220; body_text_align=&#8220;center&#8220; body_font_size=&#8220;18px&#8220; background_enable_image=&#8220;off&#8220; max_height=&#8220;450px&#8220; max_height_tablet=&#8220;450px&#8220; max_height_phone=&#8220;400px&#8220; max_height_last_edited=&#8220;on|phone&#8220; custom_padding=&#8220;150px||||false|false&#8220; custom_padding_tablet=&#8220;150px||||false|false&#8220; custom_padding_phone=&#8220;20px||||false|false&#8220; custom_padding_last_edited=&#8220;on|desktop&#8220; header_font_size_tablet=&#8220;50px&#8220; header_font_size_phone=&#8220;34px&#8220; header_font_size_last_edited=&#8220;on|phone&#8220; background_last_edited=&#8220;on|desktop&#8220; background_position_tablet=&#8220;bottom_left&#8220; background_position_phone=&#8220;bottom_left&#8220; header_text_shadow_style=&#8220;preset5&#8243; body_text_shadow_style=&#8220;preset5&#8243; text_shadow_style=&#8220;preset5&#8243; global_colors_info=&#8220;{}&#8220;][et_pb_slide heading=&#8220;Doppelqualifikation&#8220; content_last_edited=&#8220;off|desktop&#8220; _builder_version=&#8220;4.27.2&#8243; _module_preset=&#8220;default&#8220; header_text_align=&#8220;right&#8220; header_font_size=&#8220;50px&#8220; body_font_size=&#8220;22px&#8220; background_color=&#8220;RGBA(255,255,255,0)&#8220; background_enable_color=&#8220;on&#8220; background_image=&#8220;https:\/\/csbwv.de\/wp-content\/uploads\/2024\/11\/CSBWV-Banner-Doppelqualifikation-1920-450.jpg&#8220; background_enable_image=&#8220;on&#8220; background_position=&#8220;bottom_left&#8220; header_text_align_tablet=&#8220;right&#8220; header_text_align_phone=&#8220;right&#8220; header_text_align_last_edited=&#8220;on|phone&#8220; header_font_size_tablet=&#8220;50px&#8220; header_font_size_phone=&#8220;28px&#8220; header_font_size_last_edited=&#8220;on|desktop&#8220; box_shadow_style_image=&#8220;preset1&#8243; global_colors_info=&#8220;{}&#8220; header_font_size__hover_enabled=&#8220;on|desktop&#8220; header_font_size__hover=&#8220;50px&#8220; sticky_transition=&#8220;on&#8220;]<\/p>\n<p style=\"text-align: right;\">Berufschulabschluss plus Fachhochschulreife<\/p>\n<p>[\/et_pb_slide][\/et_pb_fullwidth_slider][\/et_pb_section][et_pb_section fb_built=&#8220;1&#8243; _builder_version=&#8220;4.19.4&#8243; _module_preset=&#8220;default&#8220; custom_padding=&#8220;0px|||||&#8220; global_colors_info=&#8220;{}&#8220;][et_pb_row _builder_version=&#8220;4.19.4&#8243; _module_preset=&#8220;default&#8220; global_colors_info=&#8220;{}&#8220;][et_pb_column type=&#8220;4_4&#8243; _builder_version=&#8220;4.19.4&#8243; _module_preset=&#8220;default&#8220; global_colors_info=&#8220;{}&#8220;][et_pb_heading title=&#8220;Berufsschulabschluss plus Fachhochschulreife&#8220; _builder_version=&#8220;4.25.2&#8243; _module_preset=&#8220;default&#8220; custom_margin=&#8220;0px|0px|0px|0px|false|false&#8220; custom_padding=&#8220;0px|0px|3px|0px|false|false&#8220; animation_style=&#8220;slide&#8220; animation_direction=&#8220;top&#8220; global_colors_info=&#8220;{}&#8220;][\/et_pb_heading][et_pb_text _builder_version=&#8220;4.27.2&#8243; _module_preset=&#8220;default&#8220; custom_margin=&#8220;3px|||||&#8220; animation_style=&#8220;fade&#8220; global_colors_info=&#8220;{}&#8220;]<\/p>\n<h3>Zusatzqualifiaktion online<\/h3>\n<p>Im Rahmen Ihrer Berufsausbildung bietet Ihnen das Carl-Severing-Berufskolleg f\u00fcr Wirtschaft und Verwaltung die M\u00f6glichkeit, neben dem Berufsabschluss auch die Fachhochschulreife zu erwerben.<\/p>\n<p>Dieses Ausbildungsangebot verbessert Ihre Lebensperspektive, insbesondere werden Sie f\u00fcr berufliche F\u00fchrungsaufgaben qualifiziert.<\/p>\n<p>Mit dem Erwerb der Fachhochschulreife werden Ihre Kenntnisse, F\u00e4higkeiten und Fertigkeiten auf eine erheblich breitere Basis gestellt. Zudem berechtigt der Abschluss zum Studium an einer Fachhochschule.<\/p>\n<p>An zwei Abenden werden jeweils f\u00fcr 90 Minuten Inhalte aus den Bereichen Deutsch, Englisch, Mathematik und Naturwissenschaft vermittelt.[\/et_pb_text][et_pb_text _builder_version=&#8220;4.25.2&#8243; _module_preset=&#8220;default&#8220; custom_margin=&#8220;3px||-1px|||&#8220; animation_style=&#8220;fade&#8220; global_colors_info=&#8220;{}&#8220;]<\/p>\n<h3>Ben\u00f6tigte Voraussetzung<\/h3>\n<ul>\n<li>die Fachoberschulreife (mittlerer Schulabschluss)<\/li>\n<li>ein mindestens<strong> dreij\u00e4hriger<\/strong> Ausbildungsvertrag nach dem Berufsbildungsgesetz oder der Handwerksordnung<\/li>\n<li>die Zustimmung\u00a0 des Ausbildungsbetrieb<\/li>\n<\/ul>\n<p>[\/et_pb_text][et_pb_text _builder_version=&#8220;4.27.2&#8243; _module_preset=&#8220;default&#8220; custom_margin=&#8220;3px|||||&#8220; animation_style=&#8220;fade&#8220; global_colors_info=&#8220;{}&#8220;]<\/p>\n<h3>Unterricht<\/h3>\n<p>Zum Erwerb der Fachhochschulreife ist zus\u00e4tzlicher Schulunterricht von <strong>vier Schulstunden pro Woche<\/strong> notwendig. Nur im zweiten Lehrjahr betr\u00e4gt der zus\u00e4tzliche Unterricht <strong>f\u00fcnf Schulstunden pro Woche<\/strong>.<\/p>\n<p><strong>Der Unterricht findet ausschlie\u00dflich online statt.<br \/><\/strong>Unterrichtszeiten: Im ersten Ausbildungsjahr Montag und Donnerstag von 17:30 Uhr bis 19:00 Uhr.<strong><br \/><\/strong><\/p>\n<p>Klausuren werden in Pr\u00e4senz geschrieben.<\/p>\n<p>[\/et_pb_text][et_pb_text _builder_version=&#8220;4.27.2&#8243; _module_preset=&#8220;default&#8220; custom_margin=&#8220;3px|||||&#8220; animation_style=&#8220;fade&#8220; global_colors_info=&#8220;{}&#8220;]<\/p>\n<h3>Abschlusspr\u00fcfung<\/h3>\n<p>Nach drei Jahren findet die Pr\u00fcfung der Fachhochschulreife in den F\u00e4chern Deutsch, Englisch und Mathematik unabh\u00e4ngig von der Laufzeit Ausbildungsvertrags statt. Die Fachhochschulreife kann erlangt werden, wenn die Abschlusspr\u00fcfungen FHR bestanden worden sind und die Berufsausbildung erfolgreich beendet wurde.<\/p>\n<p>[\/et_pb_text][et_pb_text _builder_version=&#8220;4.27.2&#8243; _module_preset=&#8220;default&#8220; custom_margin=&#8220;3px|||||&#8220; animation_style=&#8220;fade&#8220; global_colors_info=&#8220;{}&#8220;]<\/p>\n<h3>Kontakt<\/h3>\n<p>[\/et_pb_text][et_pb_team_member name=&#8220;Jennifer Kr\u00fcger&#8220; position=&#8220;Studiendirektorin&#8220; image_url=&#8220;https:\/\/csbwv.de\/wp-content\/uploads\/2026\/01\/Krueger-J-320-400-2026.jpg&#8220; _builder_version=&#8220;4.27.5&#8243; _module_preset=&#8220;default&#8220; position_font=&#8220;||||||||&#8220; position_text_color=&#8220;#000000&#8243; animation_style=&#8220;fade&#8220; hover_enabled=&#8220;0&#8243; global_colors_info=&#8220;{}&#8220; sticky_enabled=&#8220;0&#8243; alt=&#8220;Jennifer Kr\u00fcger&#8220; title_text=&#8220;Krueger-J-320-400-2026&#8243;]<\/p>\n<p>E-Mail: Jennifer.Krueger@csbwv.de<\/p>\n<p>F\u00fcr R\u00fcckfragen und Beratungsgespr\u00e4che steht Ihnen Frau Kr\u00fcger gern zur Verf\u00fcgung.<\/p>\n<p><strong><a href=\"https:\/\/csbwv.de\/wp-content\/uploads\/2024\/11\/CSBWV-Anmeldeformular-FHR-online.pdf\" target=\"_blank\" rel=\"noopener\">Anmeldeformular (PDF-Datei &#8211; 123KB)<\/a><\/strong><\/p>\n<p>[\/et_pb_team_member][\/et_pb_column][\/et_pb_row][\/et_pb_section]<\/p>\n","protected":false},"excerpt":{"rendered":"<p>Berufschulabschluss plus FachhochschulreifeZusatzqualifiaktion online Im Rahmen Ihrer Berufsausbildung bietet Ihnen das Carl-Severing-Berufskolleg f\u00fcr Wirtschaft und Verwaltung die M\u00f6glichkeit, neben dem Berufsabschluss auch die Fachhochschulreife zu erwerben. Dieses Ausbildungsangebot verbessert Ihre [&hellip;]<\/p>\n","protected":false},"author":1,"featured_media":0,"parent":0,"menu_order":0,"comment_status":"closed","ping_status":"closed","template":"","meta":{"_et_pb_use_builder":"on","_et_pb_old_content":"","_et_gb_content_width":"","footnotes":""},"class_list":["post-3020","page","type-page","status-publish","hentry"],"_links":{"self":[{"href":"https:\/\/csbwv.de\/index.php\/wp-json\/wp\/v2\/pages\/3020","targetHints":{"allow":["GET"]}}],"collection":[{"href":"https:\/\/csbwv.de\/index.php\/wp-json\/wp\/v2\/pages"}],"about":[{"href":"https:\/\/csbwv.de\/index.php\/wp-json\/wp\/v2\/types\/page"}],"author":[{"embeddable":true,"href":"https:\/\/csbwv.de\/index.php\/wp-json\/wp\/v2\/users\/1"}],"replies":[{"embeddable":true,"href":"https:\/\/csbwv.de\/index.php\/wp-json\/wp\/v2\/comments?post=3020"}],"version-history":[{"count":15,"href":"https:\/\/csbwv.de\/index.php\/wp-json\/wp\/v2\/pages\/3020\/revisions"}],"predecessor-version":[{"id":5249,"href":"https:\/\/csbwv.de\/index.php\/wp-json\/wp\/v2\/pages\/3020\/revisions\/5249"}],"wp:attachment":[{"href":"https:\/\/csbwv.de\/index.php\/wp-json\/wp\/v2\/media?parent=3020"}],"curies":[{"name":"wp","href":"https:\/\/api.w.org\/{rel}","templated":true}]}}