{"id":4618,"date":"2025-08-19T18:09:30","date_gmt":"2025-08-19T16:09:30","guid":{"rendered":"https:\/\/csbwv.de\/?page_id=4618"},"modified":"2025-08-20T11:44:10","modified_gmt":"2025-08-20T09:44:10","slug":"kmk-fremdsprachenzertifikat","status":"publish","type":"page","link":"https:\/\/csbwv.de\/index.php\/kmk-fremdsprachenzertifikat\/","title":{"rendered":"KMK-Fremdsprachenzertifikat"},"content":{"rendered":"<p>[et_pb_section fb_built=&#8220;1&#8243; fullwidth=&#8220;on&#8220; _builder_version=&#8220;4.19.4&#8243; _module_preset=&#8220;default&#8220; global_colors_info=&#8220;{}&#8220;][et_pb_fullwidth_slider _builder_version=&#8220;4.27.4&#8243; _module_preset=&#8220;default&#8220; header_level=&#8220;h1&#8243; header_font_size=&#8220;50px&#8220; body_text_align=&#8220;center&#8220; body_font_size=&#8220;18px&#8220; background_enable_image=&#8220;off&#8220; max_height=&#8220;450px&#8220; max_height_tablet=&#8220;450px&#8220; max_height_phone=&#8220;400px&#8220; max_height_last_edited=&#8220;on|phone&#8220; custom_padding=&#8220;150px||||false|false&#8220; custom_padding_tablet=&#8220;150px||||false|false&#8220; custom_padding_phone=&#8220;20px||||false|false&#8220; custom_padding_last_edited=&#8220;on|desktop&#8220; header_font_size_tablet=&#8220;50px&#8220; header_font_size_phone=&#8220;34px&#8220; header_font_size_last_edited=&#8220;on|phone&#8220; background_last_edited=&#8220;off|desktop&#8220; background_position_tablet=&#8220;bottom_left&#8220; background_position_phone=&#8220;bottom_left&#8220; header_text_shadow_style=&#8220;preset5&#8243; body_text_shadow_style=&#8220;preset5&#8243; text_shadow_style=&#8220;preset5&#8243; global_colors_info=&#8220;{}&#8220;][et_pb_slide heading=&#8220;KMK&#8220; content_last_edited=&#8220;off|desktop&#8220; _builder_version=&#8220;4.27.4&#8243; _module_preset=&#8220;default&#8220; header_text_align=&#8220;right&#8220; header_font_size=&#8220;50px&#8220; body_font_size=&#8220;22px&#8220; background_color=&#8220;RGBA(255,255,255,0)&#8220; background_enable_color=&#8220;on&#8220; background_image=&#8220;https:\/\/csbwv.de\/wp-content\/uploads\/2025\/08\/CSBWV-Banner-KMK-1920-450.jpg&#8220; background_enable_image=&#8220;on&#8220; background_position=&#8220;bottom_left&#8220; header_text_align_tablet=&#8220;right&#8220; header_text_align_phone=&#8220;right&#8220; header_text_align_last_edited=&#8220;on|phone&#8220; header_font_size_tablet=&#8220;50px&#8220; header_font_size_phone=&#8220;28px&#8220; header_font_size_last_edited=&#8220;on|desktop&#8220; box_shadow_style_image=&#8220;preset1&#8243; global_colors_info=&#8220;{}&#8220; header_font_size__hover_enabled=&#8220;on|desktop&#8220; header_font_size__hover=&#8220;50px&#8220; sticky_transition=&#8220;on&#8220;]<\/p>\n<p style=\"text-align: right;\">Englisch<br \/>Fremdsprachenzertifikat<\/p>\n<p>[\/et_pb_slide][\/et_pb_fullwidth_slider][\/et_pb_section][et_pb_section fb_built=&#8220;1&#8243; _builder_version=&#8220;4.19.4&#8243; _module_preset=&#8220;default&#8220; custom_padding=&#8220;0px|||||&#8220; global_colors_info=&#8220;{}&#8220;][et_pb_row _builder_version=&#8220;4.19.4&#8243; _module_preset=&#8220;default&#8220; global_colors_info=&#8220;{}&#8220;][et_pb_column type=&#8220;4_4&#8243; _builder_version=&#8220;4.19.4&#8243; _module_preset=&#8220;default&#8220; global_colors_info=&#8220;{}&#8220;][et_pb_heading title=&#8220;KMK-Fremdsprachenzertifikat&#8220; _builder_version=&#8220;4.27.4&#8243; _module_preset=&#8220;default&#8220; custom_margin=&#8220;0px|0px|0px|0px|false|false&#8220; custom_padding=&#8220;0px|0px|3px|0px|false|false&#8220; animation_style=&#8220;slide&#8220; animation_direction=&#8220;top&#8220; hover_enabled=&#8220;0&#8243; global_colors_info=&#8220;{}&#8220; title_last_edited=&#8220;on|phone&#8220; sticky_enabled=&#8220;0&#8243; title_font_size=&#8220;28px&#8220; title_tablet=&#8220;KMK-Fremdsprachenzertifikat&#8220; title_phone=&#8220;KMK-Fremdsprachenzertifikat&#8220;][\/et_pb_heading][et_pb_text _builder_version=&#8220;4.27.4&#8243; _module_preset=&#8220;default&#8220; custom_margin=&#8220;3px|||||&#8220; animation_style=&#8220;fade&#8220; global_colors_info=&#8220;{}&#8220;]<\/p>\n<h3>Ihr Plus f\u00fcr Ausbildung, Studium und Beruf!<\/h3>\n<p>Sie m\u00f6chten Ihre englischen Sprachkenntnisse nicht nur im Unterricht unter Beweis stellen, sondern auch ein anerkanntes Zertifikat in der Hand halten, das Ihnen T\u00fcren \u00f6ffnet? Dann ist das KMK-Fremdsprachenzertifikat genau das Richtige f\u00fcr Sie!<\/p>\n<p>[\/et_pb_text][et_pb_text _builder_version=&#8220;4.27.4&#8243; _module_preset=&#8220;default&#8220; custom_margin=&#8220;3px|||||&#8220; animation_style=&#8220;fade&#8220; global_colors_info=&#8220;{}&#8220;]<\/p>\n<h3>Was ist das KMK-Fremdsprachenzertifikat &#8211; Englisch?<\/h3>\n<p>Das KMK-Fremdsprachenzertifikat &#8211; Englisch ist ein bundesweit einheitlich geregeltes Zertifikat zum Nachweis berufsbezogener Fremdsprachenkompetenzen. Sch\u00fclerinnen und Sch\u00fcler berufsbildender Schulen k\u00f6nnen es nach erfolgreichem Ablegen einer speziellen Fremdsprachenpr\u00fcfung erwerben und somit eine f\u00fcr den beruflichen Werdegang bedeutsame Zusatzqualifikation vorweisen.<\/p>\n<p>[\/et_pb_text][et_pb_text _builder_version=&#8220;4.27.4&#8243; _module_preset=&#8220;default&#8220; custom_margin=&#8220;3px|||||&#8220; animation_style=&#8220;fade&#8220; global_colors_info=&#8220;{}&#8220;]<\/p>\n<h3>Warum sollten Sie mitmachen?<\/h3>\n<ul>\n<li><strong>Vorteil bei Bewerbungen:<\/strong> Ob Ausbildung, Praktikum oder Studium \u2013 ein KMK-Zertifikat macht Sie sofort interessanter f\u00fcr Arbeitgeber und Hochschulen.<\/li>\n<li><strong>Anerkennung in ganz Deutschland:<\/strong> Das Zertifikat ist standardisiert und wird bundesweit gesch\u00e4tzt.<\/li>\n<li><strong>St\u00e4rkung deiner F\u00e4higkeiten:<\/strong> Sie lernen, Ihre Sprachkenntnisse gezielt in beruflichen Situationen einzusetzen \u2013 z. B. beim Telefonieren, in Meetings oder beim Verfassen von E-Mails.<\/li>\n<li><strong>Selbstbewusstsein gewinnen:<\/strong> Mit einer bestandenen Pr\u00fcfung k\u00f6nnen Sie zeigen, dass Sie jeder Situation im englischsprachigen Alltag gewachsen sind.<\/li>\n<\/ul>\n<p>[\/et_pb_text][et_pb_text _builder_version=&#8220;4.27.4&#8243; _module_preset=&#8220;default&#8220; custom_margin=&#8220;3px|||||&#8220; animation_style=&#8220;fade&#8220; hover_enabled=&#8220;0&#8243; global_colors_info=&#8220;{}&#8220; sticky_enabled=&#8220;0&#8243;]<\/p>\n<h3>Wie ist der Ablauf?<\/h3>\n<p>Gepr\u00fcft werden die vier wichtigen Bereiche:<\/p>\n<ul>\n<li>H\u00f6ren<\/li>\n<li>Lesen<\/li>\n<li>Sprechen<\/li>\n<li>Schreiben<\/li>\n<\/ul>\n<p>Wir bieten die Pr\u00fcfungen in jedem Fr\u00fchjahr f\u00fcr die Niveaustufen B1, B2 und C1 an.<\/p>\n<p><strong>Weiter Informationen rund um das KMK-Fremdsprachenzertifikat und des Pr\u00fcfungsablaufs finden Sie auf folgenden Websites:<\/strong><\/p>\n<ul>\n<li><a href=\"https:\/\/www.kmk.org\/themen\/berufliche-schulen\/duale-berufsausbildung\/kmk-fremdsprachenzertifikat.html\" target=\"_blank\" rel=\"noopener\">Kultusministerkonferenz (KMK)<\/a><\/li>\n<li><a href=\"https:\/\/www.bra.nrw.de\/bildung-schule\/pruefungen\/berufskollegs-kmk-zertifikat-fremdsprachen\" target=\"_blank\" rel=\"noopener\">Bezirksregierung Arnsberg<\/a><\/li>\n<\/ul>\n<p>[\/et_pb_text][et_pb_text _builder_version=&#8220;4.27.4&#8243; _module_preset=&#8220;default&#8220; custom_margin=&#8220;3px|||||&#8220; animation_style=&#8220;fade&#8220; global_colors_info=&#8220;{}&#8220;]<\/p>\n<h3>Ihr n\u00e4chster Schritt!<\/h3>\n<p>Wenn Sie Lust haben, Ihre Englisch-Fremdsprachenkenntnisse auf ein neues Level zu heben und sich gleichzeitig einen echten Vorteil f\u00fcr Ihre Zukunft zu sichern, dann melden Sie sich jetzt zum KMK-Fremdsprachenzertifikatskurs &#8211; Englisch an.<\/p>\n<p><strong>Sprechen Sie gerne Ihre Englischlehrkraft an oder kontaktieren Sie Frau Horenkamp.<\/strong><\/p>\n<p>[\/et_pb_text][et_pb_text _builder_version=&#8220;4.27.4&#8243; _module_preset=&#8220;default&#8220; animation_style=&#8220;fade&#8220; global_colors_info=&#8220;{}&#8220;]<\/p>\n<h3>Kontakt<\/h3>\n<p>[\/et_pb_text][et_pb_team_member name=&#8220;Vanessa Horenkamp&#8220; position=&#8220;Oberstudienr\u00e4tin&#8220; image_url=&#8220;https:\/\/csbwv.de\/wp-content\/uploads\/2025\/08\/CSBWV-KMK-Hor4e3n5ka8mp.jpg&#8220; _builder_version=&#8220;4.27.4&#8243; _module_preset=&#8220;default&#8220; position_text_color=&#8220;#000000&#8243; animation_style=&#8220;fade&#8220; global_colors_info=&#8220;{}&#8220;]<\/p>\n<p>E-Mail: Vanessa.Horenkamp@csbwv.de<\/p>\n<p>Weiter Informationen k\u00f6nnen Sie \u00fcber jede Englischlehrkraft oder Frau Horenkamp beziehen.<\/p>\n<p>[\/et_pb_team_member][\/et_pb_column][\/et_pb_row][\/et_pb_section]<\/p>\n","protected":false},"excerpt":{"rendered":"<p>EnglischFremdsprachenzertifikatIhr Plus f\u00fcr Ausbildung, Studium und Beruf! Sie m\u00f6chten Ihre englischen Sprachkenntnisse nicht nur im Unterricht unter Beweis stellen, sondern auch ein anerkanntes Zertifikat in der Hand halten, das Ihnen [&hellip;]<\/p>\n","protected":false},"author":1,"featured_media":0,"parent":0,"menu_order":0,"comment_status":"closed","ping_status":"closed","template":"","meta":{"_et_pb_use_builder":"on","_et_pb_old_content":"","_et_gb_content_width":"","footnotes":""},"class_list":["post-4618","page","type-page","status-publish","hentry"],"_links":{"self":[{"href":"https:\/\/csbwv.de\/index.php\/wp-json\/wp\/v2\/pages\/4618","targetHints":{"allow":["GET"]}}],"collection":[{"href":"https:\/\/csbwv.de\/index.php\/wp-json\/wp\/v2\/pages"}],"about":[{"href":"https:\/\/csbwv.de\/index.php\/wp-json\/wp\/v2\/types\/page"}],"author":[{"embeddable":true,"href":"https:\/\/csbwv.de\/index.php\/wp-json\/wp\/v2\/users\/1"}],"replies":[{"embeddable":true,"href":"https:\/\/csbwv.de\/index.php\/wp-json\/wp\/v2\/comments?post=4618"}],"version-history":[{"count":15,"href":"https:\/\/csbwv.de\/index.php\/wp-json\/wp\/v2\/pages\/4618\/revisions"}],"predecessor-version":[{"id":4659,"href":"https:\/\/csbwv.de\/index.php\/wp-json\/wp\/v2\/pages\/4618\/revisions\/4659"}],"wp:attachment":[{"href":"https:\/\/csbwv.de\/index.php\/wp-json\/wp\/v2\/media?parent=4618"}],"curies":[{"name":"wp","href":"https:\/\/api.w.org\/{rel}","templated":true}]}}