{"id":567,"date":"2023-01-02T12:41:55","date_gmt":"2023-01-02T11:41:55","guid":{"rendered":"http:\/\/csbwv.net\/?page_id=567"},"modified":"2025-12-14T20:20:18","modified_gmt":"2025-12-14T19:20:18","slug":"anmeldung","status":"publish","type":"page","link":"https:\/\/csbwv.de\/index.php\/anmeldung\/","title":{"rendered":"Anmeldung Vollzeitbildung"},"content":{"rendered":"<p>[et_pb_section fb_built=&#8220;1&#8243; fullwidth=&#8220;on&#8220; _builder_version=&#8220;4.19.4&#8243; _module_preset=&#8220;default&#8220; global_colors_info=&#8220;{}&#8220;][et_pb_fullwidth_slider _builder_version=&#8220;4.20.0&#8243; _module_preset=&#8220;default&#8220; header_level=&#8220;h1&#8243; header_font_size=&#8220;50px&#8220; body_text_align=&#8220;center&#8220; body_font_size=&#8220;18px&#8220; background_enable_image=&#8220;off&#8220; max_height=&#8220;450px&#8220; max_height_tablet=&#8220;450px&#8220; max_height_phone=&#8220;400px&#8220; max_height_last_edited=&#8220;on|phone&#8220; custom_padding=&#8220;150px||||false|false&#8220; custom_padding_tablet=&#8220;150px||||false|false&#8220; custom_padding_phone=&#8220;20px||||false|false&#8220; custom_padding_last_edited=&#8220;on|desktop&#8220; background_last_edited=&#8220;on|desktop&#8220; background_position_tablet=&#8220;bottom_left&#8220; background_position_phone=&#8220;bottom_left&#8220; header_text_shadow_style=&#8220;preset5&#8243; body_text_shadow_style=&#8220;preset5&#8243; text_shadow_style=&#8220;preset5&#8243; global_colors_info=&#8220;{}&#8220;][et_pb_slide heading=&#8220;Anmeldung&#8220; content_last_edited=&#8220;off|desktop&#8220; _builder_version=&#8220;4.20.0&#8243; _module_preset=&#8220;default&#8220; header_text_align=&#8220;right&#8220; body_font_size=&#8220;22px&#8220; background_color=&#8220;RGBA(255,255,255,0)&#8220; background_enable_color=&#8220;on&#8220; background_image=&#8220;https:\/\/csbwv.de\/wp-content\/uploads\/2023\/01\/Anmeldung-Banner-1920-450.jpg&#8220; background_enable_image=&#8220;on&#8220; background_position=&#8220;bottom_left&#8220; header_text_align_tablet=&#8220;right&#8220; header_text_align_phone=&#8220;right&#8220; header_text_align_last_edited=&#8220;on|phone&#8220; global_colors_info=&#8220;{}&#8220; sticky_transition=&#8220;on&#8220;]<\/p>\n<p style=\"text-align: right;\">Vollzeitbildung<\/p>\n<p>[\/et_pb_slide][\/et_pb_fullwidth_slider][\/et_pb_section][et_pb_section fb_built=&#8220;1&#8243; _builder_version=&#8220;4.19.4&#8243; _module_preset=&#8220;default&#8220; custom_padding=&#8220;0px|||||&#8220; global_colors_info=&#8220;{}&#8220;][et_pb_row _builder_version=&#8220;4.19.4&#8243; _module_preset=&#8220;default&#8220; global_colors_info=&#8220;{}&#8220;][et_pb_column type=&#8220;4_4&#8243; _builder_version=&#8220;4.19.4&#8243; _module_preset=&#8220;default&#8220; global_colors_info=&#8220;{}&#8220;][et_pb_text _builder_version=&#8220;4.27.2&#8243; _module_preset=&#8220;default&#8220; custom_padding=&#8220;||24px|||&#8220; global_colors_info=&#8220;{}&#8220;]<\/p>\n<h1>Anmeldung Vollzeitbildung<\/h1>\n<p>&nbsp;<\/p>\n<h3>Wann und wo kann man sich anmelden?<\/h3>\n<p>Onlineanmeldungen an den Berufskollegs sind m\u00f6glich vom 07.02.2026 bis 27.02.2026 unter:<\/p>\n<h3><a href=\"https:\/\/www.schulbewerbung.de\" target=\"_blank\" rel=\"noopener\">www.schulbewerbung.de<\/a><\/h3>\n<p>Das Passwort f\u00fcr die Anmeldung erhalten die Sch\u00fclerinnen und Sch\u00fcler von ihrer bisherigen Schule.<br \/>Die Anmeldung ist erst ab dem 07.02.2026 m\u00f6glich.<\/p>\n<h3>Welche Unterlagen m\u00fcssen eingereicht werden?<\/h3>\n<ul>\n<li>Ausdruck der Online-Anmeldung (bei Minderj\u00e4hrigen mit Unterschrift eines Erziehungsberechtigten)<\/li>\n<li>aktuelles Halbjahreszeugnis (Kopie)<\/li>\n<li>letztes Abschlusszeugnis (falls schon vorhanden)<\/li>\n<li>tabellarischer Lebenslauf (datiert und unterschrieben)<\/li>\n<li>Kopien aller Praktikumsbeurteilungen aus dem Berufswahlpass (falls vorhanden)<\/li>\n<\/ul>\n<p>Die vollst\u00e4ndigen Unterlagen senden Sie bitte <strong>per Post bis zum 27.02.2026 (Poststempel)<\/strong> an:<\/p>\n<p>Carl-Severing-Berufskolleg f\u00fcr Wirtschaft und Verwaltung<br \/>Bleichstra\u00dfe 12<br \/>33607 Bielefeld<\/p>\n<p>Wird nach Pr\u00fcfung der Unterlagen eine Beratung empfohlen, muss diese wahrgenommen werden.<\/p>\n<h3><\/h3>\n<h3>Wie kann ich mich beraten lassen?<\/h3>\n<p>Sie k\u00f6nnen \u00fcber unsere <a href=\"index.php\/anmeldung\/beratungsanfrage\">Beratunganfrage<\/a> einen Beratungstermin vereinbaren.<\/p>\n<p>Einen \u00dcberblick \u00fcber unser <a href=\"https:\/\/csbwv.de\/index.php\/vollzeitbildung\/\">Bildungsangebot in der Vollzeit erhalten Sie hier.<\/a><\/p>\n<p>[\/et_pb_text][\/et_pb_column][\/et_pb_row][\/et_pb_section]<\/p>\n","protected":false},"excerpt":{"rendered":"<p>VollzeitbildungAnmeldung Vollzeitbildung &nbsp; Wann und wo kann man sich anmelden? Onlineanmeldungen an den Berufskollegs sind m\u00f6glich vom 07.02.2026 bis 27.02.2026 unter: www.schulbewerbung.de Das Passwort f\u00fcr die Anmeldung erhalten die Sch\u00fclerinnen [&hellip;]<\/p>\n","protected":false},"author":1,"featured_media":0,"parent":0,"menu_order":0,"comment_status":"closed","ping_status":"closed","template":"","meta":{"_et_pb_use_builder":"on","_et_pb_old_content":"","_et_gb_content_width":"","footnotes":""},"class_list":["post-567","page","type-page","status-publish","hentry"],"_links":{"self":[{"href":"https:\/\/csbwv.de\/index.php\/wp-json\/wp\/v2\/pages\/567","targetHints":{"allow":["GET"]}}],"collection":[{"href":"https:\/\/csbwv.de\/index.php\/wp-json\/wp\/v2\/pages"}],"about":[{"href":"https:\/\/csbwv.de\/index.php\/wp-json\/wp\/v2\/types\/page"}],"author":[{"embeddable":true,"href":"https:\/\/csbwv.de\/index.php\/wp-json\/wp\/v2\/users\/1"}],"replies":[{"embeddable":true,"href":"https:\/\/csbwv.de\/index.php\/wp-json\/wp\/v2\/comments?post=567"}],"version-history":[{"count":20,"href":"https:\/\/csbwv.de\/index.php\/wp-json\/wp\/v2\/pages\/567\/revisions"}],"predecessor-version":[{"id":5086,"href":"https:\/\/csbwv.de\/index.php\/wp-json\/wp\/v2\/pages\/567\/revisions\/5086"}],"wp:attachment":[{"href":"https:\/\/csbwv.de\/index.php\/wp-json\/wp\/v2\/media?parent=567"}],"curies":[{"name":"wp","href":"https:\/\/api.w.org\/{rel}","templated":true}]}}