{"id":6,"date":"2022-11-23T21:49:43","date_gmt":"2022-11-23T20:49:43","guid":{"rendered":"http:\/\/csbwv.net\/?page_id=6"},"modified":"2026-04-12T23:47:03","modified_gmt":"2026-04-12T21:47:03","slug":"6-2","status":"publish","type":"page","link":"https:\/\/csbwv.de\/","title":{"rendered":"Startseite"},"content":{"rendered":"<p>[et_pb_section fb_built=&#8220;1&#8243; fullwidth=&#8220;on&#8220; disabled_on=&#8220;off|off|off&#8220; _builder_version=&#8220;4.19.4&#8243; _module_preset=&#8220;default&#8220; background_color=&#8220;#ededed&#8220; global_colors_info=&#8220;{}&#8220;][et_pb_fullwidth_slider show_arrows=&#8220;off&#8220; show_pagination=&#8220;off&#8220; _builder_version=&#8220;4.27.6&#8243; _module_preset=&#8220;default&#8220; content_width_tablet=&#8220;&#8220; content_width_phone=&#8220;&#8220; content_width_last_edited=&#8220;on|desktop&#8220; max_height=&#8220;450px&#8220; display_conditions=&#8220;W10=&#8220; animation_style=&#8220;fade&#8220; auto=&#8220;on&#8220; scroll_fade_enable=&#8220;on&#8220; hover_enabled=&#8220;0&#8243; global_colors_info=&#8220;{}&#8220; sticky_enabled=&#8220;0&#8243;][et_pb_slide heading=&#8220;Willkommen am CSBWV&#8220; button_link=&#8220;https:\/\/csbwv.de\/index.php\/anmeldung&#8220; _builder_version=&#8220;4.27.6&#8243; _module_preset=&#8220;default&#8220; header_font=&#8220;FagoNoBold||||||||&#8220; background_image=&#8220;https:\/\/csbwv.de\/wp-content\/uploads\/2023\/01\/CSBWV-Gebaeude-Bleichstr-1920-450.jpg&#8220; background_enable_image=&#8220;on&#8220; custom_button=&#8220;on&#8220; button_text_color=&#8220;#FFFFFF&#8220; button_font=&#8220;FagoNoMedium||||||||&#8220; display_conditions=&#8220;W10=&#8220; custom_padding=&#8220;100px||||false|false&#8220; header_text_shadow_style=&#8220;preset5&#8243; button_text_shadow_style=&#8220;preset5&#8243; box_shadow_style_button=&#8220;preset2&#8243; global_colors_info=&#8220;{}&#8220; sticky_transition=&#8220;on&#8220;][\/et_pb_slide][et_pb_slide heading=&#8220;Wir w\u00fcnschen Ihnen ein frohes Weihnachtsfest&#8220; button_link=&#8220;https:\/\/csbwv.de\/index.php\/anmeldung&#8220; _builder_version=&#8220;4.27.5&#8243; _module_preset=&#8220;default&#8220; header_font=&#8220;FagoNoBold||||||||&#8220; background_image=&#8220;https:\/\/csbwv.de\/wp-content\/uploads\/2023\/12\/CSBWV-Weihnachten-1920-450.jpg&#8220; background_enable_image=&#8220;on&#8220; custom_button=&#8220;on&#8220; button_text_color=&#8220;#FFFFFF&#8220; button_font=&#8220;FagoNoMedium||||||||&#8220; display_conditions=&#8220;W3siaWQiOiI2OWM0MWM5NC05Y2ExLTRmNWItYTgyOC1hYzUyOTM1MTgxZTUiLCJjb25kaXRpb24iOiJkYXRlVGltZSIsImNvbmRpdGlvblNldHRpbmdzIjp7ImRpc3BsYXlSdWxlIjoiaXNCZWZvcmUiLCJkYXRlIjoiMjAyNi0wMS0wNyIsInRpbWUiOiIwMDowMCIsIndlZWtkYXlzIjoifCIsImFsbERheSI6Im9uIiwiZnJvbVRpbWUiOiIwMDowMCIsInVudGlsVGltZSI6IjAwOjAwIiwicmVwZWF0Ijoib2ZmIiwicmVwZWF0RnJlcXVlbmN5IjoibW9udGhseSIsInJlcGVhdEZyZXF1ZW5jeVNwZWNpZmljRGF5cyI6IndlZWtseSIsInJlcGVhdEVuZCI6Im5ldmVyIiwicmVwZWF0VW50aWxEYXRlIjoiMjAyNi0xLTgiLCJyZXBlYXRUaW1lcyI6IjMiLCJhZG1pbkxhYmVsIjoiVGVybWluemVpdCIsImVuYWJsZUNvbmRpdGlvbiI6Im9uIn0sIm9wZXJhdG9yIjoiT1IifV0=&#8220; custom_padding=&#8220;100px||||false|false&#8220; header_text_shadow_style=&#8220;preset5&#8243; body_text_shadow_style=&#8220;preset5&#8243; button_text_shadow_style=&#8220;preset5&#8243; box_shadow_style_button=&#8220;preset2&#8243; global_colors_info=&#8220;{}&#8220; sticky_transition=&#8220;on&#8220;]<\/p>\n<h1>und einen guten Rutsch ins neue Jahr!<\/h1>\n<p>[\/et_pb_slide][et_pb_slide heading=&#8220;Wir w\u00fcnschen Ihnen sch\u00f6ne Sommerferien&#8220; button_link=&#8220;https:\/\/csbwv.de\/index.php\/anmeldung&#8220; content_tablet=&#8220;&#8220; content_phone=&#8220;&#8220; content_last_edited=&#8220;on|phone&#8220; _builder_version=&#8220;4.27.5&#8243; _module_preset=&#8220;default&#8220; header_font=&#8220;FagoNoBold||||||||&#8220; background_image=&#8220;https:\/\/csbwv.de\/wp-content\/uploads\/2023\/06\/CSBWV-Sommer1920-550.jpg&#8220; background_enable_image=&#8220;on&#8220; custom_button=&#8220;on&#8220; button_text_color=&#8220;#FFFFFF&#8220; button_font=&#8220;FagoNoMedium||||||||&#8220; display_conditions=&#8220;W3siaWQiOiI0MzMyMDQ4MC04ZWY4LTQ2N2MtYTNjNS1mMjQ1YzJlMTFjNTkiLCJjb25kaXRpb24iOiJkYXRlVGltZSIsImNvbmRpdGlvblNldHRpbmdzIjp7ImRpc3BsYXlSdWxlIjoiaXNCZWZvcmUiLCJkYXRlIjoiMjAyNS0wOC0yNiIsInRpbWUiOiIwMDowMCIsIndlZWtkYXlzIjoifCIsImFsbERheSI6Im9uIiwiZnJvbVRpbWUiOiIwMDowMCIsInVudGlsVGltZSI6IjAwOjAwIiwicmVwZWF0Ijoib2ZmIiwicmVwZWF0RnJlcXVlbmN5IjoibW9udGhseSIsInJlcGVhdEZyZXF1ZW5jeVNwZWNpZmljRGF5cyI6IndlZWtseSIsInJlcGVhdEVuZCI6Im5ldmVyIiwicmVwZWF0VW50aWxEYXRlIjoiMjAyNS03LTExIiwicmVwZWF0VGltZXMiOiIzIiwiYWRtaW5MYWJlbCI6IlRlcm1pbnplaXQiLCJlbmFibGVDb25kaXRpb24iOiJvbiJ9LCJvcGVyYXRvciI6Ik9SIn1d&#8220; custom_padding=&#8220;100px||||false|false&#8220; header_text_shadow_style=&#8220;preset5&#8243; body_text_shadow_style=&#8220;preset5&#8243; button_text_shadow_style=&#8220;preset5&#8243; box_shadow_style_button=&#8220;preset2&#8243; text_shadow_style=&#8220;preset5&#8243; global_colors_info=&#8220;{}&#8220; sticky_transition=&#8220;on&#8220;][\/et_pb_slide][et_pb_slide heading=&#8220;Wir w\u00fcnschen Ihnen ein frohes Osterfest&#8220; button_link=&#8220;https:\/\/csbwv.de\/index.php\/anmeldung&#8220; content_tablet=&#8220;<\/p>\n<h2>und sch\u00f6ne Osterferien<\/h2>\n<p>&#8220; content_phone=&#8220;<\/p>\n<h5>und sch\u00f6ne Osterferien<\/h5>\n<p>&#8220; content_last_edited=&#8220;on|phone&#8220; _builder_version=&#8220;4.27.6&#8243; _module_preset=&#8220;default&#8220; header_font=&#8220;FagoNoBold||||||||&#8220; background_image=&#8220;https:\/\/csbwv.de\/wp-content\/uploads\/2024\/03\/CSBWV-Banner-Ostern-1920-450.jpg&#8220; background_enable_image=&#8220;on&#8220; custom_button=&#8220;on&#8220; button_text_color=&#8220;#FFFFFF&#8220; button_font=&#8220;FagoNoMedium||||||||&#8220; display_conditions=&#8220;W3siaWQiOiJhODZkZjYwMy1lM2I2LTQ4NzQtOTJhZC05MWRmODc0Y2U1NzMiLCJjb25kaXRpb24iOiJkYXRlVGltZSIsImNvbmRpdGlvblNldHRpbmdzIjp7ImRpc3BsYXlSdWxlIjoiaXNCZWZvcmUiLCJkYXRlIjoiMjAyNi0wNC0xMSIsInRpbWUiOiIxMTozMCIsIndlZWtkYXlzIjoifCIsImFsbERheSI6Im9uIiwiZnJvbVRpbWUiOiIwMDowMCIsInVudGlsVGltZSI6IjAwOjAwIiwicmVwZWF0Ijoib2ZmIiwicmVwZWF0RnJlcXVlbmN5IjoibW9udGhseSIsInJlcGVhdEZyZXF1ZW5jeVNwZWNpZmljRGF5cyI6IndlZWtseSIsInJlcGVhdEVuZCI6Im5ldmVyIiwicmVwZWF0VW50aWxEYXRlIjoiMjAyNC0xLTciLCJyZXBlYXRUaW1lcyI6IjMiLCJhZG1pbkxhYmVsIjoiVGVybWluemVpdCIsImVuYWJsZUNvbmRpdGlvbiI6Im9uIn0sIm9wZXJhdG9yIjoiT1IifV0=&#8220; custom_padding=&#8220;100px||||false|false&#8220; hover_enabled=&#8220;0&#8243; header_text_shadow_style=&#8220;preset5&#8243; body_text_shadow_style=&#8220;preset5&#8243; button_text_shadow_style=&#8220;preset5&#8243; box_shadow_style_button=&#8220;preset2&#8243; text_shadow_style=&#8220;preset5&#8243; global_colors_info=&#8220;{}&#8220; sticky_transition=&#8220;on&#8220; sticky_enabled=&#8220;0&#8243;]<\/p>\n<h1>und sch\u00f6ne Osterferien<\/h1>\n<p>[\/et_pb_slide][et_pb_slide heading=&#8220;Abitur+ berufliche Kompetenz&#8220; button_text=&#8220;Informationen zum Abitur am Berufskolleg&#8220; button_link=&#8220;https:\/\/csbwv.de\/index.php\/2024\/01\/14\/abitur-berufliche-kompetenz\/&#8220; _builder_version=&#8220;4.27.4&#8243; _module_preset=&#8220;default&#8220; header_font=&#8220;FagoNoBold||||||||&#8220; background_image=&#8220;https:\/\/csbwv.de\/wp-content\/uploads\/2023\/01\/grasmueckenweg-superheld-1920-450.jpg&#8220; background_enable_image=&#8220;on&#8220; custom_button=&#8220;on&#8220; button_text_color=&#8220;#FFFFFF&#8220; button_font=&#8220;FagoNoMedium||||||||&#8220; display_conditions=&#8220;W3siaWQiOiIzZTM4ZmRhYy03ZTY0LTQwYjUtODJmOS1iMzNlZWUyOTVlNzUiLCJjb25kaXRpb24iOiJkYXRlVGltZSIsImNvbmRpdGlvblNldHRpbmdzIjp7ImRpc3BsYXlSdWxlIjoiaXNCZWZvcmUiLCJkYXRlIjoiMjAyNC0wNC0zMCIsInRpbWUiOiIwMDowMCIsIndlZWtkYXlzIjoifCIsImFsbERheSI6Im9uIiwiZnJvbVRpbWUiOiIwMDowMCIsInVudGlsVGltZSI6IjAwOjAwIiwicmVwZWF0Ijoib2ZmIiwicmVwZWF0RnJlcXVlbmN5IjoibW9udGhseSIsInJlcGVhdEZyZXF1ZW5jeVNwZWNpZmljRGF5cyI6IndlZWtseSIsInJlcGVhdEVuZCI6Im5ldmVyIiwicmVwZWF0VW50aWxEYXRlIjoiMjAyNC0xLTE0IiwicmVwZWF0VGltZXMiOiIzIiwiYWRtaW5MYWJlbCI6IlRlcm1pbnplaXQiLCJlbmFibGVDb25kaXRpb24iOiJvbiJ9LCJvcGVyYXRvciI6Ik9SIn1d&#8220; custom_padding=&#8220;100px||||false|false&#8220; header_text_shadow_style=&#8220;preset5&#8243; button_text_shadow_style=&#8220;preset5&#8243; box_shadow_style_button=&#8220;preset2&#8243; global_colors_info=&#8220;{}&#8220; sticky_transition=&#8220;on&#8220;][\/et_pb_slide][\/et_pb_fullwidth_slider][et_pb_fullwidth_header text_orientation=&#8220;center&#8220; background_overlay_color=&#8220;RGBA(255,255,255,0)&#8220; content_tablet=&#8220;<\/p>\n<p>Willkommen beim<\/p>\n<h1>Carl-Severing-Berufskolleg<br \/>f\u00fcr Wirtschaft und Verwaltung <br \/>der Stadt Bielefeld<\/h1>\n<p>Schauen Sie sich unser Bildungsangebot an und informieren Sie sich \u00fcber Neuigkeiten und Termine.<\/p>\n<p>&#8220; content_phone=&#8220;<\/p>\n<p>Willkommen beim<\/p>\n<h1>Carl-Severing-Berufskolleg<br \/>f\u00fcr Wirtschaft und Verwaltung <br \/>der Stadt Bielefeld<\/h1>\n<p>Schauen Sie sich unser Bildungsangebot an und informieren Sie sich \u00fcber Neuigkeiten und Termine.<\/p>\n<p>&#8220; content_last_edited=&#8220;on|tablet&#8220; _builder_version=&#8220;4.19.4&#8243; _module_preset=&#8220;default&#8220; title_font=&#8220;FagoNoBold||||||||&#8220; title_text_color=&#8220;#000000&#8243; title_font_size=&#8220;22px&#8220; title_line_height=&#8220;1.3em&#8220; content_font=&#8220;FagoNoMedium||||||||&#8220; content_text_color=&#8220;#000000&#8243; content_font_size=&#8220;12px&#8220; content_line_height=&#8220;1.4em&#8220; background_color=&#8220;#ededed&#8220; max_height=&#8220;200px&#8220; max_height_tablet=&#8220;250px&#8220; max_height_phone=&#8220;230px&#8220; max_height_last_edited=&#8220;on|desktop&#8220; custom_margin=&#8220;0px|0px|0px|0px|false|false&#8220; custom_margin_phone=&#8220;0px|0px|0px|0px|false|false&#8220; custom_margin_last_edited=&#8220;off|phone&#8220; custom_padding=&#8220;0px|0px|0px|0px|false|false&#8220; title_font_tablet=&#8220;FagoNoBold||||||||&#8220; title_font_phone=&#8220;FagoNoBold||||||||&#8220; title_font_last_edited=&#8220;on|desktop&#8220; title_font_size_tablet=&#8220;22px&#8220; title_font_size_phone=&#8220;15px&#8220; title_font_size_last_edited=&#8220;on|phone&#8220; global_colors_info=&#8220;{}&#8220;]<\/p>\n<p>Willkommen beim<\/p>\n<h1>Carl-Severing-Berufskolleg<br \/>f\u00fcr Wirtschaft und Verwaltung der Stadt Bielefeld<\/h1>\n<p>Schauen Sie sich unser Bildungsangebot an und informieren Sie sich \u00fcber Neuigkeiten und Termine.<\/p>\n<p>[\/et_pb_fullwidth_header][\/et_pb_section][et_pb_section fb_built=&#8220;1&#8243; _builder_version=&#8220;4.19.2&#8243; _module_preset=&#8220;default&#8220; custom_margin=&#8220;-22px|||||&#8220; global_colors_info=&#8220;{}&#8220;][et_pb_row column_structure=&#8220;3_4,1_4&#8243; _builder_version=&#8220;4.23&#8243; _module_preset=&#8220;default&#8220; custom_margin=&#8220;-29px|auto||auto||&#8220; global_colors_info=&#8220;{}&#8220;][et_pb_column type=&#8220;3_4&#8243; _builder_version=&#8220;4.19.2&#8243; _module_preset=&#8220;default&#8220; global_colors_info=&#8220;{}&#8220;][et_pb_text _builder_version=&#8220;4.19.4&#8243; _module_preset=&#8220;default&#8220; header_font=&#8220;FagoNoBold||||||||&#8220; header_text_color=&#8220;#2a2a2a&#8220; animation_style=&#8220;fade&#8220; global_colors_info=&#8220;{}&#8220;]<\/p>\n<h1>Aktuelles<\/h1>\n<p>[\/et_pb_text][et_pb_divider color=&#8220;#565655&#8243; _builder_version=&#8220;4.19.2&#8243; _module_preset=&#8220;default&#8220; custom_margin=&#8220;-30px||5px||false|false&#8220; global_colors_info=&#8220;{}&#8220;][\/et_pb_divider][et_pb_blog posts_number=&#8220;4&#8243; include_categories=&#8220;1,21,20,23,22,40,62,76,125&#8243; meta_date=&#8220;d.m.Y&#8220; show_more=&#8220;on&#8220; show_author=&#8220;off&#8220; show_pagination=&#8220;off&#8220; _builder_version=&#8220;4.22.1&#8243; _module_preset=&#8220;default&#8220; header_font=&#8220;FagoNoBold||||||||&#8220; body_font=&#8220;FagoNoRegular||||||||&#8220; animation_style=&#8220;fade&#8220; animation_direction=&#8220;left&#8220; global_colors_info=&#8220;{}&#8220;][\/et_pb_blog][et_pb_button button_url=&#8220;https:\/\/csbwv.de\/index.php\/blog&#8220; button_text=&#8220;Alle Beitr\u00e4ge&#8220; button_alignment=&#8220;right&#8220; _builder_version=&#8220;4.27.4&#8243; _module_preset=&#8220;default&#8220; global_colors_info=&#8220;{}&#8220;][\/et_pb_button][\/et_pb_column][et_pb_column type=&#8220;1_4&#8243; disabled_on=&#8220;off|off|off&#8220; _builder_version=&#8220;4.23&#8243; _module_preset=&#8220;default&#8220; global_colors_info=&#8220;{}&#8220;][et_pb_text _builder_version=&#8220;4.19.4&#8243; _module_preset=&#8220;default&#8220; header_font=&#8220;FagoNoBold||||||||&#8220; header_text_color=&#8220;#2a2a2a&#8220; animation_style=&#8220;fade&#8220; global_colors_info=&#8220;{}&#8220;]<\/p>\n<h1>Termine<\/h1>\n<p>[\/et_pb_text][et_pb_divider color=&#8220;#565655&#8243; _builder_version=&#8220;4.19.2&#8243; _module_preset=&#8220;default&#8220; custom_margin=&#8220;-30px||5px||false|false&#8220; global_colors_info=&#8220;{}&#8220;][\/et_pb_divider][decm_event_display event_selection=&#8220;all_event&#8220; show_virtual_event=&#8220;on&#8220; show_hybrid_event=&#8220;on&#8220; show_feature_image=&#8220;off&#8220; date_format=&#8220;d.m.Y&#8220; start_date_format=&#8220;d.m.Y&#8220; show_name=&#8220;off&#8220; show_price=&#8220;off&#8220; show_category=&#8220;off&#8220; show_detail=&#8220;off&#8220; show_callout_time=&#8220;on&#8220; show_icon_label=&#8220;none&#8220; event_count=&#8220;8&#8243; layout=&#8220;list&#8220; list_layout=&#8220;rightimage_leftdetail&#8220; _builder_version=&#8220;4.21.0&#8243; _module_preset=&#8220;default&#8220; title_level=&#8220;h3&#8243; title_font=&#8220;FagoNoBold||||||||&#8220; duration_font=&#8220;FagoNoRegular||||||||&#8220; duration_labels_font=&#8220;FagoNoRegular||||||||&#8220; duration_labels_text_color=&#8220;#0C71C3&#8243; excerpt_font=&#8220;FagoNoRegular||||||||&#8220; callout_date_font=&#8220;FagoNoRegular||||||||&#8220; callout_date_font_size=&#8220;26px&#8220; callout_month_font=&#8220;FagoNoRegular||||||||&#8220; callout_day_of_the_week_font=&#8220;FagoNoRegular||||||||&#8220; callout_year_font=&#8220;FagoNoRegular||||||||&#8220; callout_time_font=&#8220;FagoNoRegular||||||||&#8220; results_message_font=&#8220;FagoNoRegular||||||||&#8220; event_pagination_numaric_font=&#8220;FagoNoRegular||||||||&#8220; background_color=&#8220;RGBA(255,255,255,0)&#8220; custom_view_more=&#8220;on&#8220; view_more_text_size=&#8220;12px&#8220; view_more_border_width=&#8220;1px&#8220; view_more_font=&#8220;FagoNoRegular||||||||&#8220; view_more_icon=&#8220;&#x45;||divi||400&#8243; view_more_alignment=&#8220;left&#8220; view_more_custom_margin=&#8220;0px|auto|auto|auto|false|false&#8220; custom_ajax_load_more_button=&#8220;on&#8220; custom_margin=&#8220;||3px||false|false&#8220; animation_style=&#8220;slide&#8220; animation_direction=&#8220;right&#8220; border_width_all_details_border=&#8220;0px&#8220; global_colors_info=&#8220;{}&#8220;][\/decm_event_display][et_pb_button button_url=&#8220;https:\/\/csbwv.de\/index.php\/termine\/&#8220; button_text=&#8220;Alle Termine&#8220; _builder_version=&#8220;4.19.4&#8243; _module_preset=&#8220;default&#8220; locked=&#8220;off&#8220; global_colors_info=&#8220;{}&#8220;][\/et_pb_button][\/et_pb_column][\/et_pb_row][\/et_pb_section][et_pb_section fb_built=&#8220;1&#8243; _builder_version=&#8220;4.19.2&#8243; _module_preset=&#8220;default&#8220; background_color=&#8220;#ededed&#8220; custom_padding=&#8220;||5px|||&#8220; global_colors_info=&#8220;{}&#8220;][et_pb_row column_structure=&#8220;1_3,1_3,1_3&#8243; _builder_version=&#8220;4.19.4&#8243; _module_preset=&#8220;default&#8220; custom_padding=&#8220;||4px|||&#8220; global_colors_info=&#8220;{}&#8220;][et_pb_column type=&#8220;1_3&#8243; _builder_version=&#8220;4.19.2&#8243; _module_preset=&#8220;default&#8220; global_colors_info=&#8220;{}&#8220;][et_pb_image src=&#8220;https:\/\/csbwv.de\/wp-content\/uploads\/2022\/12\/start-vollzeitbildung-500-250.jpg&#8220; alt=&#8220;Unsere Vollzeitbildungsg\u00e4nge &#8211; Berufliche Vollzeit&#8220; title_text=&#8220;start-vollzeitbildung-500-250&#8243; _builder_version=&#8220;4.19.2&#8243; _module_preset=&#8220;default&#8220; animation_style=&#8220;slide&#8220; animation_direction=&#8220;left&#8220; global_colors_info=&#8220;{}&#8220;][\/et_pb_image][et_pb_text _builder_version=&#8220;4.27.0&#8243; _module_preset=&#8220;default&#8220; animation_style=&#8220;slide&#8220; animation_direction=&#8220;bottom&#8220; global_colors_info=&#8220;{}&#8220;]Wir bereiten Sie vor:<br \/>\n<strong>Vollzeitbildung<\/strong><\/p>\n<ul>\n<li><a href=\"https:\/\/csbwv.de\/index.php\/berufliches-gymnasium-informatik\/\">Berufliches Gymnasium f\u00fcr Informatik<\/a><\/li>\n<li><a href=\"https:\/\/csbwv.de\/index.php\/wirtschaftsgymnasium\/\">Wirtschaftsgymnasium<\/a><\/li>\n<li><a href=\"https:\/\/csbwv.de\/index.php\/hoehere-handelsschule\/\">H\u00f6here Handelsschule<\/a><\/li>\n<li><a href=\"https:\/\/csbwv.de\/index.php\/berufsfachschule1\/\">Berufsfachschule Typ I<\/a><\/li>\n<li><a href=\"https:\/\/csbwv.de\/index.php\/berufsfachschule2\/\">Berufsfachschule Typ II<\/a><\/li>\n<li><a href=\"https:\/\/csbwv.de\/index.php\/internationale\/\">Internationale F\u00f6rderklasse<\/a><\/li>\n<\/ul>\n<p>[\/et_pb_text][\/et_pb_column][et_pb_column type=&#8220;1_3&#8243; _builder_version=&#8220;4.19.2&#8243; _module_preset=&#8220;default&#8220; global_colors_info=&#8220;{}&#8220;][et_pb_image src=&#8220;https:\/\/csbwv.de\/wp-content\/uploads\/2022\/12\/start-zusatzqualifikation-500-250.jpg&#8220; alt=&#8220;Unsere Zusatzqualifikationen &#8211; Erweitern Sie Ihr Fachwissen&#8220; title_text=&#8220;start-zusatzqualifikation-500-250&#8243; _builder_version=&#8220;4.19.2&#8243; _module_preset=&#8220;default&#8220; animation_style=&#8220;fade&#8220; global_colors_info=&#8220;{}&#8220;][\/et_pb_image][et_pb_text _builder_version=&#8220;4.20.2&#8243; _module_preset=&#8220;default&#8220; custom_padding=&#8220;|||2px||&#8220; animation_style=&#8220;slide&#8220; animation_direction=&#8220;bottom&#8220; global_colors_info=&#8220;{}&#8220;]<\/p>\n<p>Wir bilden Sie aus:<strong><br \/>Berufsausbildung<\/strong><br \/><strong><\/strong><\/p>\n<ul>\n<li><a href=\"https:\/\/csbwv.de\/index.php\/automobilkaufleute\/\">Automobilkaufleute<\/a><\/li>\n<li><a href=\"https:\/\/csbwv.de\/index.php\/fachkraefte-fuer-schutz-und-sicherheit\/\">Fachkr\u00e4fte f\u00fcr Schutz &amp; Sicherheit<\/a><\/li>\n<li><a href=\"https:\/\/csbwv.de\/index.php\/kaufleute-fuer-bueromanagement\/\">Kaufleute f\u00fcr B\u00fcromanagement<\/a><\/li>\n<li><a href=\"https:\/\/csbwv.de\/index.php\/kaufleute-fuer-dialogmarketing\/\">Kaufleute f\u00fcr Dialogmarketing<\/a><\/li>\n<li><a href=\"https:\/\/csbwv.de\/index.php\/kaufleute-fuer-digitalisierungsmanagement\/\">Kaufleute f\u00fcr Digitalisierungsmanagement<\/a><\/li>\n<li><a href=\"https:\/\/csbwv.de\/index.php\/kaufleute-im-einzelhandel\/\">Kaufleute im Einzelhandel<\/a><\/li>\n<li><a href=\"https:\/\/csbwv.de\/index.php\/kaufleute-fuer-it-systemmanagement\/\">Kaufleute f\u00fcr IT-Systemmanagement<\/a><\/li>\n<li><a href=\"https:\/\/csbwv.de\/index.php\/kaufleute-fuer-marketingkommunikation\/\">Kaufleute f\u00fcr Marketingkommunikation<\/a><\/li>\n<li><a href=\"https:\/\/csbwv.de\/index.php\/medienkaufleute-digital-und-print\/\">Medienkaufleute Digital &amp; Print<\/a><\/li>\n<li><a href=\"https:\/\/csbwv.de\/index.php\/tourismuskaufleute\/\">Tourismuskaufleute<\/a><\/li>\n<\/ul>\n<p>[\/et_pb_text][\/et_pb_column][et_pb_column type=&#8220;1_3&#8243; _builder_version=&#8220;4.19.2&#8243; _module_preset=&#8220;default&#8220; global_colors_info=&#8220;{}&#8220;][et_pb_image src=&#8220;https:\/\/csbwv.de\/wp-content\/uploads\/2022\/12\/start-karriere-500-250.jpg&#8220; alt=&#8220;Karriereplanung &#8211; M\u00f6glichkeiten mit Ihrem Abschluss&#8220; title_text=&#8220;start-karriere-500-250&#8243; _builder_version=&#8220;4.19.2&#8243; _module_preset=&#8220;default&#8220; animation_style=&#8220;slide&#8220; animation_direction=&#8220;right&#8220; global_colors_info=&#8220;{}&#8220;][\/et_pb_image][et_pb_text _builder_version=&#8220;4.27.4&#8243; _module_preset=&#8220;default&#8220; custom_padding=&#8220;|||2px||&#8220; animation_style=&#8220;slide&#8220; animation_direction=&#8220;bottom&#8220; global_colors_info=&#8220;{}&#8220;]<\/p>\n<p>Wir f\u00f6rdern Sie:<strong><br \/>Karriereplanung &amp; Zusatzqualifikationen<\/strong><br \/><strong><\/strong><\/p>\n<ul>\n<li>Mein bisheriger Abschluss<\/li>\n<li><a href=\"https:\/\/csbwv.de\/index.php\/auslandspraktikum\">Auslandspraktikum<\/a><\/li>\n<li><a href=\"https:\/\/csbwv.de\/index.php\/doppelqualifikation\/\">Doppelqualifizierung<\/a><\/li>\n<li><a href=\"https:\/\/csbwv.de\/index.php\/kmk-fremdsprachenzertifikat\/\">KMK-Fremdsprachenzertifikat<\/a><\/li>\n<li><a href=\"https:\/\/csbwv.de\/index.php\/microsoft-dynamics-nav\/\">Microsoft Dynamics NAV<\/a><\/li>\n<li>Warenwirtschaftssytem FuturERS<\/li>\n<li>Handelsassistent\/-in<\/li>\n<li>Deutsches Sprachdiplom DSD I pro<\/li>\n<li>Werbeagentur JUNGK\u00d6PFE eSG<\/li>\n<li>BiGreen eSG<\/li>\n<\/ul>\n<p>[\/et_pb_text][\/et_pb_column][\/et_pb_row][\/et_pb_section]<\/p>\n","protected":false},"excerpt":{"rendered":"<p>und einen guten Rutsch ins neue Jahr!und sch\u00f6ne OsterferienWillkommen beim Carl-Severing-Berufskollegf\u00fcr Wirtschaft und Verwaltung der Stadt Bielefeld Schauen Sie sich unser Bildungsangebot an und informieren Sie sich \u00fcber Neuigkeiten und [&hellip;]<\/p>\n","protected":false},"author":1,"featured_media":0,"parent":0,"menu_order":0,"comment_status":"closed","ping_status":"closed","template":"","meta":{"_et_pb_use_builder":"on","_et_pb_old_content":"","_et_gb_content_width":"","footnotes":""},"class_list":["post-6","page","type-page","status-publish","hentry"],"_links":{"self":[{"href":"https:\/\/csbwv.de\/index.php\/wp-json\/wp\/v2\/pages\/6","targetHints":{"allow":["GET"]}}],"collection":[{"href":"https:\/\/csbwv.de\/index.php\/wp-json\/wp\/v2\/pages"}],"about":[{"href":"https:\/\/csbwv.de\/index.php\/wp-json\/wp\/v2\/types\/page"}],"author":[{"embeddable":true,"href":"https:\/\/csbwv.de\/index.php\/wp-json\/wp\/v2\/users\/1"}],"replies":[{"embeddable":true,"href":"https:\/\/csbwv.de\/index.php\/wp-json\/wp\/v2\/comments?post=6"}],"version-history":[{"count":157,"href":"https:\/\/csbwv.de\/index.php\/wp-json\/wp\/v2\/pages\/6\/revisions"}],"predecessor-version":[{"id":5469,"href":"https:\/\/csbwv.de\/index.php\/wp-json\/wp\/v2\/pages\/6\/revisions\/5469"}],"wp:attachment":[{"href":"https:\/\/csbwv.de\/index.php\/wp-json\/wp\/v2\/media?parent=6"}],"curies":[{"name":"wp","href":"https:\/\/api.w.org\/{rel}","templated":true}]}}