{"id":766,"date":"2023-01-03T21:28:50","date_gmt":"2023-01-03T20:28:50","guid":{"rendered":"http:\/\/csbwv.net\/?page_id=766"},"modified":"2023-02-23T17:56:38","modified_gmt":"2023-02-23T16:56:38","slug":"berufsfachschule2","status":"publish","type":"page","link":"https:\/\/csbwv.de\/index.php\/berufsfachschule2\/","title":{"rendered":"Berufsfachschule Typ II"},"content":{"rendered":"<p>[et_pb_section fb_built=&#8220;1&#8243; fullwidth=&#8220;on&#8220; _builder_version=&#8220;4.19.4&#8243; _module_preset=&#8220;default&#8220; global_colors_info=&#8220;{}&#8220;][et_pb_fullwidth_slider _builder_version=&#8220;4.19.4&#8243; _module_preset=&#8220;default&#8220; header_level=&#8220;h1&#8243; header_font_size=&#8220;50px&#8220; body_text_align=&#8220;center&#8220; body_font_size=&#8220;18px&#8220; background_enable_image=&#8220;off&#8220; max_height=&#8220;450px&#8220; max_height_tablet=&#8220;&#8220; max_height_phone=&#8220;400px&#8220; max_height_last_edited=&#8220;on|phone&#8220; custom_padding=&#8220;150px||||false|false&#8220; custom_padding_tablet=&#8220;&#8220; custom_padding_phone=&#8220;20px||||false|false&#8220; custom_padding_last_edited=&#8220;on|desktop&#8220; header_font_size_tablet=&#8220;50px&#8220; header_font_size_phone=&#8220;34px&#8220; header_font_size_last_edited=&#8220;on|phone&#8220; background_last_edited=&#8220;on|desktop&#8220; background_position_tablet=&#8220;bottom_left&#8220; background_position_phone=&#8220;bottom_left&#8220; header_text_shadow_style=&#8220;preset5&#8243; body_text_shadow_style=&#8220;preset5&#8243; text_shadow_style=&#8220;preset5&#8243; global_colors_info=&#8220;{}&#8220;][et_pb_slide heading=&#8220;Berufsfachschule Typ II&#8220; content_phone=&#8220;<\/p>\n<h3 style=%22padding-left: 40px; text-align: center;%22>+ Wirtschaftskompetenz<\/h3>\n<p style=%22text-align: center;%22>Volles Abitur mit zus\u00e4tzlicher beruflicher Fachrichtung<\/p>\n<p>&#8220; content_last_edited=&#8220;off|desktop&#8220; _builder_version=&#8220;4.19.4&#8243; _module_preset=&#8220;default&#8220; header_text_align=&#8220;right&#8220; background_color=&#8220;#006DB6&#8243; background_enable_color=&#8220;on&#8220; background_image=&#8220;https:\/\/csbwv.de\/wp-content\/uploads\/2023\/01\/BFTII-Banner-1920-450.jpg&#8220; background_enable_image=&#8220;on&#8220; background_position=&#8220;bottom_right&#8220; header_text_align_tablet=&#8220;&#8220; header_text_align_phone=&#8220;&#8220; header_text_align_last_edited=&#8220;on|phone&#8220; header_font_size_tablet=&#8220;&#8220; header_font_size_phone=&#8220;34px&#8220; header_font_size_last_edited=&#8220;on|phone&#8220; body_font_size_tablet=&#8220;&#8220; body_font_size_phone=&#8220;&#8220; body_font_size_last_edited=&#8220;on|desktop&#8220; background_last_edited=&#8220;on|phone&#8220; background_enable_image_phone=&#8220;off&#8220; background_layout_tablet=&#8220;&#8220; background_layout_phone=&#8220;&#8220; background_layout_last_edited=&#8220;on|phone&#8220; global_colors_info=&#8220;{}&#8220; sticky_transition=&#8220;on&#8220;][\/et_pb_slide][\/et_pb_fullwidth_slider][\/et_pb_section][et_pb_section fb_built=&#8220;1&#8243; specialty=&#8220;on&#8220; _builder_version=&#8220;4.19.4&#8243; _module_preset=&#8220;default&#8220; custom_margin=&#8220;0px||0px||false|false&#8220; custom_padding=&#8220;0px||0px||false|false&#8220; global_colors_info=&#8220;{}&#8220;][et_pb_column type=&#8220;3_4&#8243; specialty_columns=&#8220;3&#8243; _builder_version=&#8220;4.16&#8243; custom_padding=&#8220;|||&#8220; global_colors_info=&#8220;{}&#8220; custom_padding__hover=&#8220;|||&#8220;][et_pb_row_inner _builder_version=&#8220;4.19.4&#8243; _module_preset=&#8220;default&#8220; custom_margin=&#8220;0px||0px||false|false&#8220; custom_padding=&#8220;||15px|||&#8220; global_colors_info=&#8220;{}&#8220;][et_pb_column_inner saved_specialty_column_type=&#8220;3_4&#8243; _builder_version=&#8220;4.19.4&#8243; _module_preset=&#8220;default&#8220; global_colors_info=&#8220;{}&#8220;][et_pb_text disabled_on=&#8220;on|off|off&#8220; _builder_version=&#8220;4.19.4&#8243; _module_preset=&#8220;default&#8220; header_font_size=&#8220;28px&#8220; animation_style=&#8220;slide&#8220; animation_direction=&#8220;top&#8220; header_text_color_tablet=&#8220;&#8220; header_text_color_phone=&#8220;&#8220; header_text_color_last_edited=&#8220;on|phone&#8220; global_colors_info=&#8220;{}&#8220;]<\/p>\n<h1>Berufsfachschule Typ II<\/h1>\n<p>[\/et_pb_text][et_pb_text _builder_version=&#8220;4.19.4&#8243; _module_preset=&#8220;default&#8220; header_5_line_height=&#8220;1.5em&#8220; custom_margin=&#8220;||20px|||&#8220; animation_style=&#8220;fade&#8220; global_colors_info=&#8220;{}&#8220;]<\/p>\n<p>Sie k\u00f6nnen sich vorstellen, sp\u00e4ter vielleicht einmal im Verkauf, im Lager oder im B\u00fcro zu arbeiten?<\/p>\n<p>Wenn Sie die Berufsfachschule Typ II besuchen, bereiten Sie sich auf eine Ausbildung im Bereich Wirtschaft und Verwaltung vor. Sie gewinnen einen ersten Einblick in kaufm\u00e4nnische Arbeitsbereiche.<\/p>\n<p>Gleichzeitig k\u00f6nnen Sie Ihren Schulabschluss verbessern.<\/p>\n<p>&nbsp;<\/p>\n<p>[\/et_pb_text][et_pb_text _builder_version=&#8220;4.19.4&#8243; _module_preset=&#8220;default&#8220; custom_margin=&#8220;||-1px|||&#8220; animation_style=&#8220;fade&#8220; global_colors_info=&#8220;{}&#8220;]<\/p>\n<h3>Aufnahmevoraussetzungen<\/h3>\n<p>Unter den folgenden Voraussetzungen k\u00f6nnen Sie sich f\u00fcr die Berufsfachschule Typ II bewerben. Sie haben<\/p>\n<ul>\n<li>den Hauptschulabschluss nach Klasse 10 (oder einen gleichwertigen Abschluss)<\/li>\n<li>die Berechtigung zum Besuch der gymnasialen Oberstufe nach Klasse 9 (ohne FOR &#8211; Fachoberschulreife)<\/li>\n<li>die<a href=\"\/index.php\/berufsfachschule2\/berufsfachschule1\"> Berufsfachschule Typ I<\/a> erfolgreich abgeschlossen<\/li>\n<\/ul>\n<p>&nbsp;<\/p>\n<p>[\/et_pb_text][et_pb_text _builder_version=&#8220;4.19.4&#8243; _module_preset=&#8220;default&#8220; custom_margin=&#8220;||0px||false|false&#8220; custom_padding=&#8220;0px||5px|||&#8220; animation_style=&#8220;fade&#8220; global_colors_info=&#8220;{}&#8220;]<\/p>\n<h3>Bildungsgangorganisation<\/h3>\n<h4>Unterrichtsf\u00e4cher<\/h4>\n<p><strong>Berufsbezogener Bereich:<\/strong><\/p>\n<ul>\n<li>Gesch\u00e4ftsprozesse<\/li>\n<li>Personalbezogene Prozesse<\/li>\n<li>Gesamtwirtschaftlich Prozesse<\/li>\n<li>Mathematik<\/li>\n<li>Englisch<\/li>\n<\/ul>\n<p><strong>Berufs\u00fcbergreifender Bereich:<\/strong><\/p>\n<ul>\n<li>Deutsch \/ Kommunikation<\/li>\n<li>Politik \/ Gesellschaftslehre<\/li>\n<li>Religionslehre<\/li>\n<li>Sport \/ Gesundheitsf\u00f6rderung<\/li>\n<\/ul>\n<p><strong>Dauer: <\/strong>1 Jahr<br \/><strong><\/strong><\/p>\n<p><strong>Unterrichtsorganisation: <\/strong>Der Unterricht findet an f\u00fcnf\u00a0Tagen in der Woche statt (montags &#8211; freitags).<\/p>\n<p>[\/et_pb_text][\/et_pb_column_inner][\/et_pb_row_inner][\/et_pb_column][et_pb_column type=&#8220;1_4&#8243; _builder_version=&#8220;4.16&#8243; custom_padding=&#8220;|||&#8220; global_colors_info=&#8220;{}&#8220; custom_padding__hover=&#8220;|||&#8220;][et_pb_text _builder_version=&#8220;4.19.4&#8243; _module_preset=&#8220;default&#8220; custom_margin=&#8220;||3px|||&#8220; custom_padding=&#8220;||0px|||&#8220; animation_style=&#8220;fade&#8220; animation_delay=&#8220;500ms&#8220; global_colors_info=&#8220;{}&#8220;]<\/p>\n<h4>Ihre Ansprechpartner:<\/h4>\n<p>[\/et_pb_text][et_pb_team_member name=&#8220;Klaus Heinicke&#8220; position=&#8220;Oberstudienrat&#8220; image_url=&#8220;https:\/\/csbwv.de\/wp-content\/uploads\/2023\/01\/Heinicke-320-400.jpg&#8220; _builder_version=&#8220;4.19.4&#8243; _module_preset=&#8220;default&#8220; body_line_height=&#8220;1.6em&#8220; position_text_color=&#8220;#000000&#8243; position_font_size=&#8220;16px&#8220; custom_margin=&#8220;||||false|false&#8220; custom_padding=&#8220;3px|5px|3px|0px|true|false&#8220; animation_style=&#8220;slide&#8220; animation_direction=&#8220;right&#8220; border_color_all=&#8220;#2a2a2a&#8220; global_colors_info=&#8220;{}&#8220;]<\/p>\n<table style=\"width: 70%; border: 0px none; border-collapse: collapse; margin: 0px; padding: 0px; border-spacing: 0px; text-indent: -0.5em;\">\n<tbody>\n<tr>\n<td style=\"width: 15%; border: 0; cellspacing: 0;\">Telefon:<\/td>\n<td style=\"width: 85%; border: 0;\">0521 51-2427<\/td>\n<\/tr>\n<tr>\n<td style=\"width: 15%; border: 0;\">E-Mail:<\/td>\n<td style=\"width: 85%; border: 0;\">Klaus.Heinicke@csbwv.de<\/td>\n<\/tr>\n<tr>\n<td style=\"width: 15%; border: 0;\"><\/td>\n<td style=\"width: 85%; border: 0;\"><\/td>\n<\/tr>\n<\/tbody>\n<\/table>\n<p>[\/et_pb_team_member][\/et_pb_column][\/et_pb_section][et_pb_section fb_built=&#8220;1&#8243; _builder_version=&#8220;4.19.4&#8243; _module_preset=&#8220;default&#8220; custom_margin=&#8220;0px||0px||false|false&#8220; custom_padding=&#8220;0px||0px||false|false&#8220; global_colors_info=&#8220;{}&#8220;][et_pb_row _builder_version=&#8220;4.19.4&#8243; _module_preset=&#8220;default&#8220; custom_margin=&#8220;0px||0px||false|false&#8220; custom_padding=&#8220;0px||0px||false|false&#8220; global_colors_info=&#8220;{}&#8220;][et_pb_column type=&#8220;4_4&#8243; _builder_version=&#8220;4.19.4&#8243; _module_preset=&#8220;default&#8220; global_colors_info=&#8220;{}&#8220;][et_pb_text _builder_version=&#8220;4.19.4&#8243; _module_preset=&#8220;default&#8220; custom_margin=&#8220;||0px|||&#8220; animation_style=&#8220;fade&#8220; global_colors_info=&#8220;{}&#8220;]<\/p>\n<h3>Erwerbbare Abschl\u00fcsse<\/h3>\n<p>Wenn Sie die Berufsfachschule Typ II erfolgreich abschlie\u00dfen,<\/p>\n<ul>\n<li>werden Ihnen berufliche Kenntnisse, F\u00e4higkeiten und Fertigkeiten im Fachbereich Wirtschaft und Verwaltung bescheinigt<\/li>\n<li>erwerben Sie den mittleren Schulabschluss (Fachoberschulreife\/FOR)<\/li>\n<li>erwerben Sie bei besonders guten Leistungen zus\u00e4tzlich die Berechtigung zum Besuch der <a href=\"\/index.php\/berufsfachschule2\/vollzeitbildung\">gymnasialen Oberstufe<\/a> (Qualifikationsvermerk)<\/li>\n<\/ul>\n<p>&nbsp;<\/p>\n<p>[\/et_pb_text][et_pb_text content_tablet=&#8220;<\/p>\n<h3>Weiterbildungsm\u00f6glichkeiten<\/h3>\n<p>Mit der Fachoberschulreife (FOR) k\u00f6nnen Sie die H\u00f6here Berufsfachschule (H\u00f6here Handelsschule) besuchen.<\/p>\n<p>Wenn Sie die Fachoberschulreife (FOR) plus Qualifikationsvermerk (Q-Vermerk) erworben haben, k\u00f6nnen Sie eine gymnasiale Oberstufe besuchen.<\/p>\n<\/p>\n<p>&#8220; content_phone=&#8220;<\/p>\n<h4>Weiterbildungsm\u00f6glichkeiten<\/h4>\n<p>Mit der Fachoberschulreife (FOR) k\u00f6nnen Sie die H\u00f6here Berufsfachschule (H\u00f6here Handelsschule) besuchen.<\/p>\n<p>Wenn Sie die Fachoberschulreife (FOR) plus Qualifikationsvermerk (Q-Vermerk) erworben haben, k\u00f6nnen Sie eine gymnasiale Oberstufe besuchen.<\/p>\n<\/p>\n<p>&#8220; content_last_edited=&#8220;on|phone&#8220; _builder_version=&#8220;4.19.4&#8243; _module_preset=&#8220;default&#8220; custom_margin=&#8220;||-1px|||&#8220; animation_style=&#8220;fade&#8220; global_colors_info=&#8220;{}&#8220;]<\/p>\n<h3>Weiterbildungsm\u00f6glichkeiten<\/h3>\n<p>Mit der Fachoberschulreife (FOR) k\u00f6nnen Sie die <a href=\"\/index.php\/berufsfachschule2\/hoehere-handelsschule\">H\u00f6here Berufsfachschule (H\u00f6here Handelsschule)<\/a> besuchen.<\/p>\n<p>Wenn Sie die Fachoberschulreife (FOR) plus Qualifikationsvermerk (Q-Vermerk) erworben haben, k\u00f6nnen Sie eine <a href=\"\/index.php\/berufsfachschule2\/vollzeitbildung\">gymnasiale Oberstufe<\/a> besuchen.<\/p>\n<p>&nbsp;<\/p>\n<p>[\/et_pb_text][\/et_pb_column][\/et_pb_row][et_pb_row column_structure=&#8220;3_5,2_5&#8243; _builder_version=&#8220;4.19.4&#8243; _module_preset=&#8220;default&#8220; custom_padding=&#8220;5px||6px|||&#8220; global_colors_info=&#8220;{}&#8220;][et_pb_column type=&#8220;3_5&#8243; _builder_version=&#8220;4.19.4&#8243; _module_preset=&#8220;default&#8220; global_colors_info=&#8220;{}&#8220;][et_pb_text content_last_edited=&#8220;off|desktop&#8220; _builder_version=&#8220;4.19.4&#8243; _module_preset=&#8220;default&#8220; custom_padding=&#8220;1px||9px|||&#8220; global_colors_info=&#8220;{}&#8220;]<\/p>\n<h3>Projekte<\/h3>\n<ul>\n<li style=\"-webkit-font-smoothing: antialiased; box-sizing: border-box;\">3-w\u00f6chtiges Betriebspraktikum<\/li>\n<li style=\"-webkit-font-smoothing: antialiased; box-sizing: border-box;\">Berufsberatung und Projekt \u00dcbergangsbegleitung der Jugendberufsagentur<\/li>\n<li style=\"-webkit-font-smoothing: antialiased; box-sizing: border-box;\">Besuch einer Berufsinformationsmesse<\/li>\n<li style=\"-webkit-font-smoothing: antialiased; box-sizing: border-box;\">DSD-Pro-Sprachdiplom<\/li>\n<li style=\"-webkit-font-smoothing: antialiased; box-sizing: border-box;\">Kooperation mit der Stadtbibliothek<\/li>\n<li style=\"-webkit-font-smoothing: antialiased; box-sizing: border-box;\">Mentorenprogramm ,,Sch\u00fcler*innen helfen Sch\u00fcler*innen&#8220;<\/li>\n<li style=\"-webkit-font-smoothing: antialiased; box-sizing: border-box;\">Unterst\u00fctzung im Selbstlernzentrum durch die Schulsozialarbeit<\/li>\n<li style=\"-webkit-font-smoothing: antialiased; box-sizing: border-box;\">Zusatzpr\u00fcfung mit Zertifikat in MS Word und MS Excel<\/li>\n<\/ul>\n<p>[\/et_pb_text][\/et_pb_column][et_pb_column type=&#8220;2_5&#8243; _builder_version=&#8220;4.19.4&#8243; _module_preset=&#8220;default&#8220; global_colors_info=&#8220;{}&#8220;][et_pb_image alt=&#8220;Berufsfachschule Typ I am Carl-Severing-Berufskolleg f\u00fcr Wirtschaft und Verwaltung&#8220; title_text=&#8220;BFTI-500-333&#8243; _builder_version=&#8220;4.19.4&#8243; _module_preset=&#8220;default&#8220; custom_margin=&#8220;||20px||false|false&#8220; animation_style=&#8220;slide&#8220; animation_direction=&#8220;right&#8220; global_colors_info=&#8220;{}&#8220;][\/et_pb_image][et_pb_video src=&#8220;https:\/\/youtu.be\/3fMP47AEYl8&#8243; _builder_version=&#8220;4.19.4&#8243; _module_preset=&#8220;default&#8220; custom_margin=&#8220;-14px|||||&#8220; global_colors_info=&#8220;{}&#8220;][\/et_pb_video][\/et_pb_column][\/et_pb_row][et_pb_row column_structure=&#8220;1_2,1_2&#8243; _builder_version=&#8220;4.20.0&#8243; _module_preset=&#8220;default&#8220; global_colors_info=&#8220;{}&#8220;][et_pb_column type=&#8220;1_2&#8243; _builder_version=&#8220;4.20.0&#8243; _module_preset=&#8220;default&#8220; global_colors_info=&#8220;{}&#8220;][et_pb_button button_url=&#8220;https:\/\/csbwv.de\/index.php\/anmeldung\/&#8220; button_text=&#8220;Zur Anmeldung&#8220; button_alignment=&#8220;center&#8220; _builder_version=&#8220;4.20.0&#8243; _module_preset=&#8220;default&#8220; hover_enabled=&#8220;0&#8243; global_colors_info=&#8220;{}&#8220; animation_style=&#8220;slide&#8220; animation_direction=&#8220;left&#8220; sticky_enabled=&#8220;0&#8243;][\/et_pb_button][\/et_pb_column][et_pb_column type=&#8220;1_2&#8243; _builder_version=&#8220;4.20.0&#8243; _module_preset=&#8220;default&#8220; global_colors_info=&#8220;{}&#8220;][et_pb_button button_url=&#8220;https:\/\/csbwv.de\/index.php\/beratungsanfrage\/&#8220; button_text=&#8220;Zur Beratungsanfrage&#8220; _builder_version=&#8220;4.20.0&#8243; _module_preset=&#8220;default&#8220; hover_enabled=&#8220;0&#8243; global_colors_info=&#8220;{}&#8220; animation_style=&#8220;slide&#8220; animation_direction=&#8220;right&#8220; sticky_enabled=&#8220;0&#8243;][\/et_pb_button][\/et_pb_column][\/et_pb_row][\/et_pb_section]<\/p>\n","protected":false},"excerpt":{"rendered":"<p>Berufsfachschule Typ IISie k\u00f6nnen sich vorstellen, sp\u00e4ter vielleicht einmal im Verkauf, im Lager oder im B\u00fcro zu arbeiten? Wenn Sie die Berufsfachschule Typ II besuchen, bereiten Sie sich auf eine [&hellip;]<\/p>\n","protected":false},"author":1,"featured_media":0,"parent":0,"menu_order":0,"comment_status":"closed","ping_status":"closed","template":"","meta":{"_et_pb_use_builder":"on","_et_pb_old_content":"","_et_gb_content_width":"","footnotes":""},"class_list":["post-766","page","type-page","status-publish","hentry"],"_links":{"self":[{"href":"https:\/\/csbwv.de\/index.php\/wp-json\/wp\/v2\/pages\/766","targetHints":{"allow":["GET"]}}],"collection":[{"href":"https:\/\/csbwv.de\/index.php\/wp-json\/wp\/v2\/pages"}],"about":[{"href":"https:\/\/csbwv.de\/index.php\/wp-json\/wp\/v2\/types\/page"}],"author":[{"embeddable":true,"href":"https:\/\/csbwv.de\/index.php\/wp-json\/wp\/v2\/users\/1"}],"replies":[{"embeddable":true,"href":"https:\/\/csbwv.de\/index.php\/wp-json\/wp\/v2\/comments?post=766"}],"version-history":[{"count":26,"href":"https:\/\/csbwv.de\/index.php\/wp-json\/wp\/v2\/pages\/766\/revisions"}],"predecessor-version":[{"id":1510,"href":"https:\/\/csbwv.de\/index.php\/wp-json\/wp\/v2\/pages\/766\/revisions\/1510"}],"wp:attachment":[{"href":"https:\/\/csbwv.de\/index.php\/wp-json\/wp\/v2\/media?parent=766"}],"curies":[{"name":"wp","href":"https:\/\/api.w.org\/{rel}","templated":true}]}}